{"id":2964,"date":"2016-12-04T14:29:37","date_gmt":"2016-12-04T13:29:37","guid":{"rendered":"http:\/\/www.kulturkurios.de\/?page_id=2964"},"modified":"2018-12-14T22:31:05","modified_gmt":"2018-12-14T21:31:05","slug":"adventskalender-2016","status":"publish","type":"page","link":"https:\/\/www.kulturkurios.de\/?page_id=2964","title":{"rendered":"Adventskalender 2016"},"content":{"rendered":"<p class=\"western\">Der <b>15. Kleinbettlinger Adventskalender<\/b> ist vorbei. Er konnte wieder mit gro\u00dfer Beteiligung erfolgreich durchgef\u00fchrt werden.<\/p>\n<p class=\"western\"><b>Vielen Dank<\/b> an alle <b>Fenstergestalter<\/b>, in Kleinbettlingen und Bempflingen welche durch ihre Bereitschaft das eigene Haus \/ Fenster ein wenig ge\u00f6ffnet haben.<\/p>\n<p class=\"western\"><b>Vielen Dank <\/b>auch an alle <b>Besucher <\/b>der Fenster, welche dieses Angebot gerne angenommen haben.<\/p>\n<p class=\"western\"><span style=\"font-family: 'Times New Roman', serif;\"><span style=\"color: #000000;\"><span style=\"font-family: Arial, sans-serif;\">Der <\/span><\/span><span style=\"color: #000000;\"><span style=\"font-family: Arial, sans-serif;\"><b>Kleinbettlinger Adventskalender <\/b><\/span><\/span><span style=\"color: #000000;\"><span style=\"font-family: Arial, sans-serif;\">war f\u00fcr viele eine sch\u00f6ne Alternative zum schnelllebigen hochmodernen Kommunikation- und Vergn\u00fcgungsangebot. Ganz besonders freut uns, dass auch die <\/span><\/span><span style=\"color: #000000;\"><span style=\"font-family: Arial, sans-serif;\"><b>n\u00e4chste Generation <\/b><\/span><\/span><span style=\"color: #000000;\"><span style=\"font-family: Arial, sans-serif;\">die Idee der pers\u00f6nlichen Begegnung aufgenommen hat und weiterf\u00fchrt. <\/span><\/span><\/span><\/p>\n<p class=\"western\"><span style=\"font-family: 'Times New Roman', serif;\"><span style=\"color: #000000;\"><span style=\"font-family: Arial, sans-serif;\">Es gab musikalische Darbietungen, Feuer, Weihnachtsmarkt, Weihnachtsger\u00fcche und viele Geschichten.<\/span><\/span><span style=\"color: #000000;\"><span style=\"font-family: Arial, sans-serif;\"><b> Alles in allem sehr bunt und kreativ!!!! <\/b><\/span><\/span><\/span><\/p>\n<p class=\"western\">Dies alles kann nur funktionieren, wenn eine Gruppe im Hintergrund arbeitet. Hier der besondere Dank an das Organisationsteam um Manuela Kreutzberg und die gesamte Familie Kreutzberg.<\/p>\n<p class=\"western\">Haben Sie noch Fotos? Dann stellen wir diese gerne auf unsere Homepage (<span style=\"color: #0000ff;\"><u><a class=\"western\" href=\"https:\/\/freemailng5202.web.de\/online\/redirect?goto=http%3A%2F%2Fwww.kukukl.de\" target=\"_blank\" rel=\"noopener\"><span style=\"color: #000000;\"><b>www.kukukl.de<\/b><\/span><\/a><\/u><\/span>). Besonders wichtig sind Fotos von den Fenstern an sich. Bitte per Email an &#8211; webadmin@kulturkurios.de<\/p>\n<p class=\"western\">Vielen Dank auch f\u00fcr die zahlreichen Spenden. Insgesamt kamen \u2013 dabei sind drei gr\u00f6\u00dfere Einzelspenden <b>2.500,-<\/b><b> Euro<\/b> an Spenden zusammen \u2013 das ist das <b>beste <\/b>Ergebnis aller 15 Advendskalender. So stehen f\u00fcr die beiden Hilfsprojekte <b>je 1.250,- Euro<\/b> als Spende zur Verf\u00fcgung.<\/p>\n<ul>\n<li style=\"list-style-type: none;\">\n<ul>\n<li>\n<p class=\"western\"><a href=\"http:\/\/www.clowns-im-dienst.de\" target=\"_blank\" rel=\"noopener\">\u201e<span style=\"font-family: 'Times New Roman', serif;\"><span style=\"font-family: Arial, sans-serif;\"><b>Clowns im Dienst<\/b><\/span><span style=\"font-family: Arial, sans-serif;\">\u201c <\/span><span style=\"font-family: Arial, sans-serif;\"><b>:<\/b><\/span> <span style=\"font-family: Arial, sans-serif;\"><b>www.clowns-im-dienst.de<\/b><\/span><\/span><\/a><\/p>\n<\/li>\n<li>\n<p class=\"western\"><a href=\"http:\/\/www.haiti-hilfe.de\" target=\"_blank\" rel=\"noopener\">\u201e<span style=\"font-family: 'Times New Roman', serif;\"><strong><span style=\"font-family: Arial, sans-serif;\">Haiti-Hilfe-Schramberg<\/span><\/strong><span style=\"font-family: Arial, sans-serif;\">\u201c<\/span><span style=\"color: #000000;\"><span style=\"font-family: Arial, sans-serif;\"><b> : <\/b><\/span><\/span><span style=\"font-family: Arial, sans-serif;\"><b>www.haiti-hilfe.de<\/b><\/span><\/span><\/a><\/p>\n<\/li>\n<\/ul>\n<\/li>\n<\/ul>\n<p><img loading=\"lazy\" decoding=\"async\" class=\"alignnone size-full wp-image-2979\" src=\"http:\/\/www.kulturkurios.de\/wp-content\/uploads\/2016\/12\/AdvKal-Tab_2016-12-07.jpg\" alt=\"\" width=\"668\" height=\"633\" srcset=\"https:\/\/www.kulturkurios.de\/wp-content\/uploads\/2016\/12\/AdvKal-Tab_2016-12-07.jpg 668w, https:\/\/www.kulturkurios.de\/wp-content\/uploads\/2016\/12\/AdvKal-Tab_2016-12-07-300x284.jpg 300w\" sizes=\"auto, (max-width: 668px) 85vw, 668px\" \/><\/p>\n<p>Die Bilder vom Adventskalender:<\/p>\n<div id='gallery-1' class='gallery galleryid-2964 gallery-columns-3 gallery-size-thumbnail'><figure class='gallery-item'>\n\t\t\t<div class='gallery-icon landscape'>\n\t\t\t\t<a href='https:\/\/www.kulturkurios.de\/wp-content\/uploads\/2016\/12\/20161201-01.jpg'><img loading=\"lazy\" decoding=\"async\" width=\"150\" height=\"150\" src=\"https:\/\/www.kulturkurios.de\/wp-content\/uploads\/2016\/12\/20161201-01-150x150.jpg\" class=\"attachment-thumbnail size-thumbnail\" alt=\"\" aria-describedby=\"gallery-1-2972\" \/><\/a>\n\t\t\t<\/div>\n\t\t\t\t<figcaption class='wp-caption-text gallery-caption' id='gallery-1-2972'>\n\t\t\t\t1. Fenster\n\t\t\t\t<\/figcaption><\/figure><figure class='gallery-item'>\n\t\t\t<div class='gallery-icon landscape'>\n\t\t\t\t<a href='https:\/\/www.kulturkurios.de\/wp-content\/uploads\/2016\/12\/20161201-03.jpg'><img loading=\"lazy\" decoding=\"async\" width=\"150\" height=\"150\" src=\"https:\/\/www.kulturkurios.de\/wp-content\/uploads\/2016\/12\/20161201-03-150x150.jpg\" class=\"attachment-thumbnail size-thumbnail\" alt=\"\" aria-describedby=\"gallery-1-2974\" \/><\/a>\n\t\t\t<\/div>\n\t\t\t\t<figcaption class='wp-caption-text gallery-caption' id='gallery-1-2974'>\n\t\t\t\t1. Fenster\n\t\t\t\t<\/figcaption><\/figure><figure class='gallery-item'>\n\t\t\t<div class='gallery-icon landscape'>\n\t\t\t\t<a href='https:\/\/www.kulturkurios.de\/wp-content\/uploads\/2016\/12\/20161201-02.jpg'><img loading=\"lazy\" decoding=\"async\" width=\"150\" height=\"150\" src=\"https:\/\/www.kulturkurios.de\/wp-content\/uploads\/2016\/12\/20161201-02-150x150.jpg\" class=\"attachment-thumbnail size-thumbnail\" alt=\"\" aria-describedby=\"gallery-1-2973\" \/><\/a>\n\t\t\t<\/div>\n\t\t\t\t<figcaption class='wp-caption-text gallery-caption' id='gallery-1-2973'>\n\t\t\t\t1. Fenster\n\t\t\t\t<\/figcaption><\/figure><figure class='gallery-item'>\n\t\t\t<div class='gallery-icon landscape'>\n\t\t\t\t<a href='https:\/\/www.kulturkurios.de\/wp-content\/uploads\/2016\/12\/20161201-04.jpg'><img loading=\"lazy\" decoding=\"async\" width=\"150\" height=\"150\" src=\"https:\/\/www.kulturkurios.de\/wp-content\/uploads\/2016\/12\/20161201-04-150x150.jpg\" class=\"attachment-thumbnail size-thumbnail\" alt=\"\" aria-describedby=\"gallery-1-2975\" \/><\/a>\n\t\t\t<\/div>\n\t\t\t\t<figcaption class='wp-caption-text gallery-caption' id='gallery-1-2975'>\n\t\t\t\t1. Fenster\n\t\t\t\t<\/figcaption><\/figure><figure class='gallery-item'>\n\t\t\t<div class='gallery-icon portrait'>\n\t\t\t\t<a href='https:\/\/www.kulturkurios.de\/wp-content\/uploads\/2016\/12\/20161202.jpg'><img loading=\"lazy\" decoding=\"async\" width=\"150\" height=\"150\" src=\"https:\/\/www.kulturkurios.de\/wp-content\/uploads\/2016\/12\/20161202-150x150.jpg\" class=\"attachment-thumbnail size-thumbnail\" alt=\"\" aria-describedby=\"gallery-1-3009\" \/><\/a>\n\t\t\t<\/div>\n\t\t\t\t<figcaption class='wp-caption-text gallery-caption' id='gallery-1-3009'>\n\t\t\t\t2. Fenster\n\t\t\t\t<\/figcaption><\/figure><figure class='gallery-item'>\n\t\t\t<div class='gallery-icon portrait'>\n\t\t\t\t<a href='https:\/\/www.kulturkurios.de\/wp-content\/uploads\/2016\/12\/20161203.jpg'><img loading=\"lazy\" decoding=\"async\" width=\"150\" height=\"150\" src=\"https:\/\/www.kulturkurios.de\/wp-content\/uploads\/2016\/12\/20161203-150x150.jpg\" class=\"attachment-thumbnail size-thumbnail\" alt=\"\" aria-describedby=\"gallery-1-3010\" \/><\/a>\n\t\t\t<\/div>\n\t\t\t\t<figcaption class='wp-caption-text gallery-caption' id='gallery-1-3010'>\n\t\t\t\t3. Fenster\n\t\t\t\t<\/figcaption><\/figure><figure class='gallery-item'>\n\t\t\t<div class='gallery-icon landscape'>\n\t\t\t\t<a href='https:\/\/www.kulturkurios.de\/wp-content\/uploads\/2016\/12\/20161204.jpg'><img loading=\"lazy\" decoding=\"async\" width=\"150\" height=\"150\" src=\"https:\/\/www.kulturkurios.de\/wp-content\/uploads\/2016\/12\/20161204-150x150.jpg\" class=\"attachment-thumbnail size-thumbnail\" alt=\"\" aria-describedby=\"gallery-1-3011\" \/><\/a>\n\t\t\t<\/div>\n\t\t\t\t<figcaption class='wp-caption-text gallery-caption' id='gallery-1-3011'>\n\t\t\t\t4. Fenster\n\t\t\t\t<\/figcaption><\/figure><figure class='gallery-item'>\n\t\t\t<div class='gallery-icon landscape'>\n\t\t\t\t<a href='https:\/\/www.kulturkurios.de\/wp-content\/uploads\/2016\/12\/20161209.jpg'><img loading=\"lazy\" decoding=\"async\" width=\"150\" height=\"150\" src=\"https:\/\/www.kulturkurios.de\/wp-content\/uploads\/2016\/12\/20161209-150x150.jpg\" class=\"attachment-thumbnail size-thumbnail\" alt=\"\" aria-describedby=\"gallery-1-3012\" \/><\/a>\n\t\t\t<\/div>\n\t\t\t\t<figcaption class='wp-caption-text gallery-caption' id='gallery-1-3012'>\n\t\t\t\t9. Fenster\n\t\t\t\t<\/figcaption><\/figure><figure class='gallery-item'>\n\t\t\t<div class='gallery-icon portrait'>\n\t\t\t\t<a href='https:\/\/www.kulturkurios.de\/wp-content\/uploads\/2016\/12\/20161211_01.jpg'><img loading=\"lazy\" decoding=\"async\" width=\"150\" height=\"150\" src=\"https:\/\/www.kulturkurios.de\/wp-content\/uploads\/2016\/12\/20161211_01-150x150.jpg\" class=\"attachment-thumbnail size-thumbnail\" alt=\"\" aria-describedby=\"gallery-1-2989\" \/><\/a>\n\t\t\t<\/div>\n\t\t\t\t<figcaption class='wp-caption-text gallery-caption' id='gallery-1-2989'>\n\t\t\t\t11. Fenster\n\t\t\t\t<\/figcaption><\/figure><figure class='gallery-item'>\n\t\t\t<div class='gallery-icon landscape'>\n\t\t\t\t<a href='https:\/\/www.kulturkurios.de\/wp-content\/uploads\/2016\/12\/20161211_03.jpg'><img loading=\"lazy\" decoding=\"async\" width=\"150\" height=\"150\" src=\"https:\/\/www.kulturkurios.de\/wp-content\/uploads\/2016\/12\/20161211_03-150x150.jpg\" class=\"attachment-thumbnail size-thumbnail\" alt=\"\" aria-describedby=\"gallery-1-2991\" \/><\/a>\n\t\t\t<\/div>\n\t\t\t\t<figcaption class='wp-caption-text gallery-caption' id='gallery-1-2991'>\n\t\t\t\t11. Fenster\n\t\t\t\t<\/figcaption><\/figure><figure class='gallery-item'>\n\t\t\t<div class='gallery-icon portrait'>\n\t\t\t\t<a href='https:\/\/www.kulturkurios.de\/wp-content\/uploads\/2016\/12\/20161211_02.jpg'><img loading=\"lazy\" decoding=\"async\" width=\"150\" height=\"150\" src=\"https:\/\/www.kulturkurios.de\/wp-content\/uploads\/2016\/12\/20161211_02-150x150.jpg\" class=\"attachment-thumbnail size-thumbnail\" alt=\"\" aria-describedby=\"gallery-1-2990\" \/><\/a>\n\t\t\t<\/div>\n\t\t\t\t<figcaption class='wp-caption-text gallery-caption' id='gallery-1-2990'>\n\t\t\t\t11. Fenster\n\t\t\t\t<\/figcaption><\/figure><figure class='gallery-item'>\n\t\t\t<div class='gallery-icon portrait'>\n\t\t\t\t<a href='https:\/\/www.kulturkurios.de\/wp-content\/uploads\/2016\/12\/20161214.jpg'><img loading=\"lazy\" decoding=\"async\" width=\"150\" height=\"150\" src=\"https:\/\/www.kulturkurios.de\/wp-content\/uploads\/2016\/12\/20161214-150x150.jpg\" class=\"attachment-thumbnail size-thumbnail\" alt=\"\" aria-describedby=\"gallery-1-3013\" \/><\/a>\n\t\t\t<\/div>\n\t\t\t\t<figcaption class='wp-caption-text gallery-caption' id='gallery-1-3013'>\n\t\t\t\t14. Fenster\n\t\t\t\t<\/figcaption><\/figure><figure class='gallery-item'>\n\t\t\t<div class='gallery-icon landscape'>\n\t\t\t\t<a href='https:\/\/www.kulturkurios.de\/wp-content\/uploads\/2016\/12\/20161216_01.jpg'><img loading=\"lazy\" decoding=\"async\" width=\"150\" height=\"150\" src=\"https:\/\/www.kulturkurios.de\/wp-content\/uploads\/2016\/12\/20161216_01-150x150.jpg\" class=\"attachment-thumbnail size-thumbnail\" alt=\"\" aria-describedby=\"gallery-1-2999\" \/><\/a>\n\t\t\t<\/div>\n\t\t\t\t<figcaption class='wp-caption-text gallery-caption' id='gallery-1-2999'>\n\t\t\t\t16. Fenster\n\t\t\t\t<\/figcaption><\/figure><figure class='gallery-item'>\n\t\t\t<div class='gallery-icon landscape'>\n\t\t\t\t<a href='https:\/\/www.kulturkurios.de\/wp-content\/uploads\/2016\/12\/20161216_02.jpg'><img loading=\"lazy\" decoding=\"async\" width=\"150\" height=\"150\" src=\"https:\/\/www.kulturkurios.de\/wp-content\/uploads\/2016\/12\/20161216_02-150x150.jpg\" class=\"attachment-thumbnail size-thumbnail\" alt=\"\" aria-describedby=\"gallery-1-3000\" \/><\/a>\n\t\t\t<\/div>\n\t\t\t\t<figcaption class='wp-caption-text gallery-caption' id='gallery-1-3000'>\n\t\t\t\t16. Fenster\n\t\t\t\t<\/figcaption><\/figure><figure class='gallery-item'>\n\t\t\t<div class='gallery-icon landscape'>\n\t\t\t\t<a href='https:\/\/www.kulturkurios.de\/wp-content\/uploads\/2016\/12\/20161216_03.jpg'><img loading=\"lazy\" decoding=\"async\" width=\"150\" height=\"150\" src=\"https:\/\/www.kulturkurios.de\/wp-content\/uploads\/2016\/12\/20161216_03-150x150.jpg\" class=\"attachment-thumbnail size-thumbnail\" alt=\"\" aria-describedby=\"gallery-1-2998\" \/><\/a>\n\t\t\t<\/div>\n\t\t\t\t<figcaption class='wp-caption-text gallery-caption' id='gallery-1-2998'>\n\t\t\t\t16. Fenster\n\t\t\t\t<\/figcaption><\/figure><figure class='gallery-item'>\n\t\t\t<div class='gallery-icon portrait'>\n\t\t\t\t<a href='https:\/\/www.kulturkurios.de\/wp-content\/uploads\/2016\/12\/20161216_04.jpg'><img loading=\"lazy\" decoding=\"async\" width=\"150\" height=\"150\" src=\"https:\/\/www.kulturkurios.de\/wp-content\/uploads\/2016\/12\/20161216_04-150x150.jpg\" class=\"attachment-thumbnail size-thumbnail\" alt=\"\" aria-describedby=\"gallery-1-2997\" \/><\/a>\n\t\t\t<\/div>\n\t\t\t\t<figcaption class='wp-caption-text gallery-caption' id='gallery-1-2997'>\n\t\t\t\t16. Fenster\n\t\t\t\t<\/figcaption><\/figure><figure class='gallery-item'>\n\t\t\t<div class='gallery-icon portrait'>\n\t\t\t\t<a href='https:\/\/www.kulturkurios.de\/wp-content\/uploads\/2016\/12\/20161217.jpg'><img loading=\"lazy\" decoding=\"async\" width=\"150\" height=\"150\" src=\"https:\/\/www.kulturkurios.de\/wp-content\/uploads\/2016\/12\/20161217-150x150.jpg\" class=\"attachment-thumbnail size-thumbnail\" alt=\"\" aria-describedby=\"gallery-1-3014\" \/><\/a>\n\t\t\t<\/div>\n\t\t\t\t<figcaption class='wp-caption-text gallery-caption' id='gallery-1-3014'>\n\t\t\t\t17. Fenster\n\t\t\t\t<\/figcaption><\/figure><figure class='gallery-item'>\n\t\t\t<div class='gallery-icon landscape'>\n\t\t\t\t<a href='https:\/\/www.kulturkurios.de\/wp-content\/uploads\/2016\/12\/20161218_01.jpg'><img loading=\"lazy\" decoding=\"async\" width=\"150\" height=\"150\" src=\"https:\/\/www.kulturkurios.de\/wp-content\/uploads\/2016\/12\/20161218_01-150x150.jpg\" class=\"attachment-thumbnail size-thumbnail\" alt=\"\" aria-describedby=\"gallery-1-3017\" \/><\/a>\n\t\t\t<\/div>\n\t\t\t\t<figcaption class='wp-caption-text gallery-caption' id='gallery-1-3017'>\n\t\t\t\t18. Fenster\n\t\t\t\t<\/figcaption><\/figure><figure class='gallery-item'>\n\t\t\t<div class='gallery-icon landscape'>\n\t\t\t\t<a href='https:\/\/www.kulturkurios.de\/wp-content\/uploads\/2016\/12\/20161218_02.jpg'><img loading=\"lazy\" decoding=\"async\" width=\"150\" height=\"150\" src=\"https:\/\/www.kulturkurios.de\/wp-content\/uploads\/2016\/12\/20161218_02-150x150.jpg\" class=\"attachment-thumbnail size-thumbnail\" alt=\"\" aria-describedby=\"gallery-1-3018\" \/><\/a>\n\t\t\t<\/div>\n\t\t\t\t<figcaption class='wp-caption-text gallery-caption' id='gallery-1-3018'>\n\t\t\t\t18. Fenster\n\t\t\t\t<\/figcaption><\/figure><figure class='gallery-item'>\n\t\t\t<div class='gallery-icon landscape'>\n\t\t\t\t<a href='https:\/\/www.kulturkurios.de\/wp-content\/uploads\/2016\/12\/20161218_03.jpg'><img loading=\"lazy\" decoding=\"async\" width=\"150\" height=\"150\" src=\"https:\/\/www.kulturkurios.de\/wp-content\/uploads\/2016\/12\/20161218_03-150x150.jpg\" class=\"attachment-thumbnail size-thumbnail\" alt=\"\" aria-describedby=\"gallery-1-3019\" \/><\/a>\n\t\t\t<\/div>\n\t\t\t\t<figcaption class='wp-caption-text gallery-caption' id='gallery-1-3019'>\n\t\t\t\t18. Fenster\n\t\t\t\t<\/figcaption><\/figure><figure class='gallery-item'>\n\t\t\t<div class='gallery-icon portrait'>\n\t\t\t\t<a href='https:\/\/www.kulturkurios.de\/wp-content\/uploads\/2016\/12\/20161221_185801-e1482530554368.jpg'><img loading=\"lazy\" decoding=\"async\" width=\"150\" height=\"150\" src=\"https:\/\/www.kulturkurios.de\/wp-content\/uploads\/2016\/12\/20161221_185801-e1482530554368-150x150.jpg\" class=\"attachment-thumbnail size-thumbnail\" alt=\"\" aria-describedby=\"gallery-1-3023\" \/><\/a>\n\t\t\t<\/div>\n\t\t\t\t<figcaption class='wp-caption-text gallery-caption' id='gallery-1-3023'>\n\t\t\t\t21. Fenster\n\t\t\t\t<\/figcaption><\/figure><figure class='gallery-item'>\n\t\t\t<div class='gallery-icon landscape'>\n\t\t\t\t<a href='https:\/\/www.kulturkurios.de\/wp-content\/uploads\/2016\/12\/20161221_185927.jpg'><img loading=\"lazy\" decoding=\"async\" width=\"150\" height=\"150\" src=\"https:\/\/www.kulturkurios.de\/wp-content\/uploads\/2016\/12\/20161221_185927-150x150.jpg\" class=\"attachment-thumbnail size-thumbnail\" alt=\"\" aria-describedby=\"gallery-1-3024\" \/><\/a>\n\t\t\t<\/div>\n\t\t\t\t<figcaption class='wp-caption-text gallery-caption' id='gallery-1-3024'>\n\t\t\t\t21. Fenster\n\t\t\t\t<\/figcaption><\/figure><figure class='gallery-item'>\n\t\t\t<div class='gallery-icon landscape'>\n\t\t\t\t<a href='https:\/\/www.kulturkurios.de\/wp-content\/uploads\/2016\/12\/20161221_190218.jpg'><img loading=\"lazy\" decoding=\"async\" width=\"150\" height=\"150\" src=\"https:\/\/www.kulturkurios.de\/wp-content\/uploads\/2016\/12\/20161221_190218-150x150.jpg\" class=\"attachment-thumbnail size-thumbnail\" alt=\"\" aria-describedby=\"gallery-1-3022\" \/><\/a>\n\t\t\t<\/div>\n\t\t\t\t<figcaption class='wp-caption-text gallery-caption' id='gallery-1-3022'>\n\t\t\t\t21. Fenster\n\t\t\t\t<\/figcaption><\/figure><figure class='gallery-item'>\n\t\t\t<div class='gallery-icon landscape'>\n\t\t\t\t<a href='https:\/\/www.kulturkurios.de\/wp-content\/uploads\/2016\/12\/20161221-08.jpg'><img loading=\"lazy\" decoding=\"async\" width=\"150\" height=\"150\" src=\"https:\/\/www.kulturkurios.de\/wp-content\/uploads\/2016\/12\/20161221-08-150x150.jpg\" class=\"attachment-thumbnail size-thumbnail\" alt=\"von Peter Liewald\" aria-describedby=\"gallery-1-3035\" \/><\/a>\n\t\t\t<\/div>\n\t\t\t\t<figcaption class='wp-caption-text gallery-caption' id='gallery-1-3035'>\n\t\t\t\t21. Fenster\n\t\t\t\t<\/figcaption><\/figure><figure class='gallery-item'>\n\t\t\t<div class='gallery-icon landscape'>\n\t\t\t\t<a href='https:\/\/www.kulturkurios.de\/wp-content\/uploads\/2016\/12\/20161221-07.jpg'><img loading=\"lazy\" decoding=\"async\" width=\"150\" height=\"150\" src=\"https:\/\/www.kulturkurios.de\/wp-content\/uploads\/2016\/12\/20161221-07-150x150.jpg\" class=\"attachment-thumbnail size-thumbnail\" alt=\"von Peter Liewald\" aria-describedby=\"gallery-1-3034\" \/><\/a>\n\t\t\t<\/div>\n\t\t\t\t<figcaption class='wp-caption-text gallery-caption' id='gallery-1-3034'>\n\t\t\t\t21. Fenster\n\t\t\t\t<\/figcaption><\/figure><figure class='gallery-item'>\n\t\t\t<div class='gallery-icon landscape'>\n\t\t\t\t<a href='https:\/\/www.kulturkurios.de\/wp-content\/uploads\/2016\/12\/20161221-06.jpg'><img loading=\"lazy\" decoding=\"async\" width=\"150\" height=\"150\" src=\"https:\/\/www.kulturkurios.de\/wp-content\/uploads\/2016\/12\/20161221-06-150x150.jpg\" class=\"attachment-thumbnail size-thumbnail\" alt=\"von Peter Liewald\" aria-describedby=\"gallery-1-3033\" srcset=\"https:\/\/www.kulturkurios.de\/wp-content\/uploads\/2016\/12\/20161221-06-150x150.jpg 150w, https:\/\/www.kulturkurios.de\/wp-content\/uploads\/2016\/12\/20161221-06-300x300.jpg 300w, https:\/\/www.kulturkurios.de\/wp-content\/uploads\/2016\/12\/20161221-06-768x768.jpg 768w, https:\/\/www.kulturkurios.de\/wp-content\/uploads\/2016\/12\/20161221-06-1024x1024.jpg 1024w, https:\/\/www.kulturkurios.de\/wp-content\/uploads\/2016\/12\/20161221-06-1200x1200.jpg 1200w, https:\/\/www.kulturkurios.de\/wp-content\/uploads\/2016\/12\/20161221-06.jpg 2000w\" sizes=\"auto, (max-width: 150px) 85vw, 150px\" \/><\/a>\n\t\t\t<\/div>\n\t\t\t\t<figcaption class='wp-caption-text gallery-caption' id='gallery-1-3033'>\n\t\t\t\t21. Fenster\n\t\t\t\t<\/figcaption><\/figure><figure class='gallery-item'>\n\t\t\t<div class='gallery-icon landscape'>\n\t\t\t\t<a href='https:\/\/www.kulturkurios.de\/wp-content\/uploads\/2016\/12\/20161221-05.jpg'><img loading=\"lazy\" decoding=\"async\" width=\"150\" height=\"150\" src=\"https:\/\/www.kulturkurios.de\/wp-content\/uploads\/2016\/12\/20161221-05-150x150.jpg\" class=\"attachment-thumbnail size-thumbnail\" alt=\"von Peter Liewald\" aria-describedby=\"gallery-1-3032\" srcset=\"https:\/\/www.kulturkurios.de\/wp-content\/uploads\/2016\/12\/20161221-05-150x150.jpg 150w, https:\/\/www.kulturkurios.de\/wp-content\/uploads\/2016\/12\/20161221-05-300x300.jpg 300w, https:\/\/www.kulturkurios.de\/wp-content\/uploads\/2016\/12\/20161221-05-768x768.jpg 768w, https:\/\/www.kulturkurios.de\/wp-content\/uploads\/2016\/12\/20161221-05-1024x1024.jpg 1024w, https:\/\/www.kulturkurios.de\/wp-content\/uploads\/2016\/12\/20161221-05-1200x1200.jpg 1200w, https:\/\/www.kulturkurios.de\/wp-content\/uploads\/2016\/12\/20161221-05.jpg 2000w\" sizes=\"auto, (max-width: 150px) 85vw, 150px\" \/><\/a>\n\t\t\t<\/div>\n\t\t\t\t<figcaption class='wp-caption-text gallery-caption' id='gallery-1-3032'>\n\t\t\t\t21. Fenster\n\t\t\t\t<\/figcaption><\/figure><figure class='gallery-item'>\n\t\t\t<div class='gallery-icon landscape'>\n\t\t\t\t<a href='https:\/\/www.kulturkurios.de\/wp-content\/uploads\/2016\/12\/20161221-04.jpg'><img loading=\"lazy\" decoding=\"async\" width=\"150\" height=\"150\" src=\"https:\/\/www.kulturkurios.de\/wp-content\/uploads\/2016\/12\/20161221-04-150x150.jpg\" class=\"attachment-thumbnail size-thumbnail\" alt=\"von Peter Liewald\" aria-describedby=\"gallery-1-3031\" \/><\/a>\n\t\t\t<\/div>\n\t\t\t\t<figcaption class='wp-caption-text gallery-caption' id='gallery-1-3031'>\n\t\t\t\t21. Fenster\n\t\t\t\t<\/figcaption><\/figure><figure class='gallery-item'>\n\t\t\t<div class='gallery-icon landscape'>\n\t\t\t\t<a href='https:\/\/www.kulturkurios.de\/wp-content\/uploads\/2016\/12\/20161221-09.jpg'><img loading=\"lazy\" decoding=\"async\" width=\"150\" height=\"150\" src=\"https:\/\/www.kulturkurios.de\/wp-content\/uploads\/2016\/12\/20161221-09-150x150.jpg\" class=\"attachment-thumbnail size-thumbnail\" alt=\"von Peter Liewald\" aria-describedby=\"gallery-1-3030\" srcset=\"https:\/\/www.kulturkurios.de\/wp-content\/uploads\/2016\/12\/20161221-09-150x150.jpg 150w, https:\/\/www.kulturkurios.de\/wp-content\/uploads\/2016\/12\/20161221-09-300x300.jpg 300w, https:\/\/www.kulturkurios.de\/wp-content\/uploads\/2016\/12\/20161221-09-768x768.jpg 768w, https:\/\/www.kulturkurios.de\/wp-content\/uploads\/2016\/12\/20161221-09-1024x1024.jpg 1024w, https:\/\/www.kulturkurios.de\/wp-content\/uploads\/2016\/12\/20161221-09-1200x1200.jpg 1200w, https:\/\/www.kulturkurios.de\/wp-content\/uploads\/2016\/12\/20161221-09.jpg 1299w\" sizes=\"auto, (max-width: 150px) 85vw, 150px\" \/><\/a>\n\t\t\t<\/div>\n\t\t\t\t<figcaption class='wp-caption-text gallery-caption' id='gallery-1-3030'>\n\t\t\t\t21. Fenster\n\t\t\t\t<\/figcaption><\/figure>\n\t\t<\/div>\n\n<p><a href=\"http:\/\/www.kulturkurios.de\/?page_id=2895\"><u>\u00a0Auch 2015 gab es einen Adventskalender: Hier mehr<\/u><\/a><\/p>\n<hr \/>\n<p>&nbsp;<\/p>\n","protected":false},"excerpt":{"rendered":"<p>Der 15. Kleinbettlinger Adventskalender ist vorbei. Er konnte wieder mit gro\u00dfer Beteiligung erfolgreich durchgef\u00fchrt werden. Vielen Dank an alle Fenstergestalter, in Kleinbettlingen und Bempflingen welche durch ihre Bereitschaft das eigene Haus \/ Fenster ein wenig ge\u00f6ffnet haben. Vielen Dank auch an alle Besucher der Fenster, welche dieses Angebot gerne angenommen haben. Der Kleinbettlinger Adventskalender war &hellip; <a href=\"https:\/\/www.kulturkurios.de\/?page_id=2964\" class=\"more-link\"><span class=\"screen-reader-text\">\u201eAdventskalender 2016\u201c <\/span>weiterlesen<\/a><\/p>\n","protected":false},"author":2,"featured_media":0,"parent":0,"menu_order":0,"comment_status":"closed","ping_status":"closed","template":"","meta":{"footnotes":""},"class_list":["post-2964","page","type-page","status-publish","hentry"],"_links":{"self":[{"href":"https:\/\/www.kulturkurios.de\/index.php?rest_route=\/wp\/v2\/pages\/2964","targetHints":{"allow":["GET"]}}],"collection":[{"href":"https:\/\/www.kulturkurios.de\/index.php?rest_route=\/wp\/v2\/pages"}],"about":[{"href":"https:\/\/www.kulturkurios.de\/index.php?rest_route=\/wp\/v2\/types\/page"}],"author":[{"embeddable":true,"href":"https:\/\/www.kulturkurios.de\/index.php?rest_route=\/wp\/v2\/users\/2"}],"replies":[{"embeddable":true,"href":"https:\/\/www.kulturkurios.de\/index.php?rest_route=%2Fwp%2Fv2%2Fcomments&post=2964"}],"version-history":[{"count":10,"href":"https:\/\/www.kulturkurios.de\/index.php?rest_route=\/wp\/v2\/pages\/2964\/revisions"}],"predecessor-version":[{"id":3605,"href":"https:\/\/www.kulturkurios.de\/index.php?rest_route=\/wp\/v2\/pages\/2964\/revisions\/3605"}],"wp:attachment":[{"href":"https:\/\/www.kulturkurios.de\/index.php?rest_route=%2Fwp%2Fv2%2Fmedia&parent=2964"}],"curies":[{"name":"wp","href":"https:\/\/api.w.org\/{rel}","templated":true}]}}