{"id":2895,"date":"2018-01-09T21:03:16","date_gmt":"2018-01-09T20:03:16","guid":{"rendered":"http:\/\/www.kulturkurios.de\/?page_id=2895"},"modified":"2022-10-16T12:08:27","modified_gmt":"2022-10-16T10:08:27","slug":"advendskalender-2015","status":"publish","type":"page","link":"https:\/\/www.kulturkurios.de\/?page_id=2895","title":{"rendered":"Adventskalender 2015"},"content":{"rendered":"<p>Der 14. Kleinbettlinger Adventskalender ist vorbei. Er konnte wieder mit gro\u00dfer Beteiligung erfolgreich durchgef\u00fchrt werden. Vielen Dank an alle Fenstergestalter, in Kleinbettlingen und Bempflingen welche durch ihre Bereitschaft das eigene Haus \/ Fenster ein wenig ge\u00f6ffnet haben. Vielen Dank auch an alle Besucher der Fenster, welche dieses Angebot gerne angenommen haben.<br>\nDie M\u00f6glichkeiten pers\u00f6nlicher Begegnung in der Vorweihnachtszeit wurde von vielen Mitb\u00fcrgern und Mitb\u00fcrgerinnen genutzt.<\/p>\n<p>Es gab musikalische Darbietungen, Feuer, Weihnachtsmarkt, Weihnachtsger\u00fcche, einen Film aus Kenja und viele Geschichten. Alles in allem sehr bunt und kreativ!!!!<\/p>\n<p>Dies alles kann nur funktionieren, wenn eine Gruppe im Hintergrund arbeitet. Hier der besondere Dank an das Organisationsteam um Manuela Kreutzberg und die gesamte Familie Kreutzberg.<br>\nHaben Sie noch Fotos? Dann stellen wir diese gerne auf unsere Homepage www.kukukl.de.<\/p>\n<p>Vielen Dank auch f\u00fcr die zahlreichen Spenden. Insgesamt kamen 1.755,17 Euro an Spenden zusammen \u2013 das ist mit das beste Ergebnis aller 14 Advendskalender.<br>\nKULTURKURIOS hat mit Vereinsmitteln den Betrag aufgerundet und so stehen f\u00fcr die beiden Hilfsprojekte je 900,-&nbsp;\u20ac als Spende zur Verf\u00fcgung.<br>\n\u25e6 \u201e<a href=\"http:\/\/www.clowns-im-dienst.de\/\" target=\"_blank\" rel=\"noopener\">Clowns im Dienst<\/a>\u201c<br>\n\u25e6 \u201eFl\u00fcchtlinge in Bempflingen\u201c<br>\nHilfe f\u00fcr Fl\u00fcchtlingen aus Krisengebieten, die in Bempflingen untergebracht werden.<\/p>\n<p>KULTURKURIOS w\u00fcnscht allen ein gesundes, erf\u00fclltes und sch\u00f6nes Jahr 2016.<\/p>\n\n\n<p>Auch <a href=\"https:\/\/www.kulturkurios.de\/?page_id=2652\" data-type=\"page\" data-id=\"2652\">2014 gabe es einen Adventskalender&#8230;<\/a><\/p>\n","protected":false},"excerpt":{"rendered":"<p>Der 14. Kleinbettlinger Adventskalender ist vorbei. Er konnte wieder mit gro\u00dfer Beteiligung erfolgreich durchgef\u00fchrt werden. Vielen Dank an alle Fenstergestalter, in Kleinbettlingen und Bempflingen welche durch ihre Bereitschaft das eigene Haus \/ Fenster ein wenig ge\u00f6ffnet haben. Vielen Dank auch an alle Besucher der Fenster, welche dieses Angebot gerne angenommen haben. Die M\u00f6glichkeiten pers\u00f6nlicher Begegnung &hellip; <a href=\"https:\/\/www.kulturkurios.de\/?page_id=2895\" class=\"more-link\"><span class=\"screen-reader-text\">\u201eAdventskalender 2015\u201c <\/span>weiterlesen<\/a><\/p>\n","protected":false},"author":1,"featured_media":0,"parent":0,"menu_order":0,"comment_status":"closed","ping_status":"closed","template":"","meta":{"footnotes":""},"class_list":["post-2895","page","type-page","status-publish","hentry"],"_links":{"self":[{"href":"https:\/\/www.kulturkurios.de\/index.php?rest_route=\/wp\/v2\/pages\/2895","targetHints":{"allow":["GET"]}}],"collection":[{"href":"https:\/\/www.kulturkurios.de\/index.php?rest_route=\/wp\/v2\/pages"}],"about":[{"href":"https:\/\/www.kulturkurios.de\/index.php?rest_route=\/wp\/v2\/types\/page"}],"author":[{"embeddable":true,"href":"https:\/\/www.kulturkurios.de\/index.php?rest_route=\/wp\/v2\/users\/1"}],"replies":[{"embeddable":true,"href":"https:\/\/www.kulturkurios.de\/index.php?rest_route=%2Fwp%2Fv2%2Fcomments&post=2895"}],"version-history":[{"count":4,"href":"https:\/\/www.kulturkurios.de\/index.php?rest_route=\/wp\/v2\/pages\/2895\/revisions"}],"predecessor-version":[{"id":4650,"href":"https:\/\/www.kulturkurios.de\/index.php?rest_route=\/wp\/v2\/pages\/2895\/revisions\/4650"}],"wp:attachment":[{"href":"https:\/\/www.kulturkurios.de\/index.php?rest_route=%2Fwp%2Fv2%2Fmedia&parent=2895"}],"curies":[{"name":"wp","href":"https:\/\/api.w.org\/{rel}","templated":true}]}}