{"id":2881,"date":"2016-11-05T19:45:39","date_gmt":"2016-11-05T18:45:39","guid":{"rendered":"http:\/\/www.kulturkurios.de\/?page_id=2881"},"modified":"2016-11-05T19:45:39","modified_gmt":"2016-11-05T18:45:39","slug":"3-koenigscup-ein-boule-turnier-mit-gutem-wetter-gesegnet-glueck-dem-tuechtigen","status":"publish","type":"page","link":"https:\/\/www.kulturkurios.de\/?page_id=2881","title":{"rendered":"3 K\u00f6nigsCup &#8211; ein Boule-Turnier &#8230; mit gutem Wetter gesegnet: Gl\u00fcck dem T\u00fcchtigen !!"},"content":{"rendered":"<p class=\"titel\">Der Kultur<span class=\"Stil1\">KURIOS<\/span>-Wanderpokal ging an einen \u00dcberraschungssieger.<\/p>\n<p class=\"titel\"><strong>3-K\u00f6nige <\/strong>kamen <strong>nach Bempflingen <\/strong>zu &#8222;Ihrem&#8220; 3K\u00f6nigsCup, <strong>Boule-K\u00f6nig<\/strong> wurde aber<strong> ein &#8222;Hirte&#8220;<\/strong><\/p>\n<p>Es war sch\u00f6n, anspruchsvoll und mit \u00dcberraschungen gespickt. Der erste 3K\u00f6nigsCup hat erf\u00fcllt, was sein Name versprochen hat.<\/p>\n<p><strong>DER verdient Sieger und seine 2 Kurf\u00fcsten &#8230;<\/strong><\/p>\n<div id='gallery-1' class='gallery galleryid-2881 gallery-columns-3 gallery-size-thumbnail'><figure class='gallery-item'>\n\t\t\t<div class='gallery-icon landscape'>\n\t\t\t\t<a href='https:\/\/www.kulturkurios.de\/wp-content\/uploads\/2016\/11\/1_P1010994.jpg'><img loading=\"lazy\" decoding=\"async\" width=\"150\" height=\"150\" src=\"https:\/\/www.kulturkurios.de\/wp-content\/uploads\/2016\/11\/1_P1010994-150x150.jpg\" class=\"attachment-thumbnail size-thumbnail\" alt=\"\" \/><\/a>\n\t\t\t<\/div><\/figure><figure class='gallery-item'>\n\t\t\t<div class='gallery-icon landscape'>\n\t\t\t\t<a href='https:\/\/www.kulturkurios.de\/wp-content\/uploads\/2016\/11\/P1010988.jpg'><img loading=\"lazy\" decoding=\"async\" width=\"150\" height=\"150\" src=\"https:\/\/www.kulturkurios.de\/wp-content\/uploads\/2016\/11\/P1010988-150x150.jpg\" class=\"attachment-thumbnail size-thumbnail\" alt=\"\" \/><\/a>\n\t\t\t<\/div><\/figure><figure class='gallery-item'>\n\t\t\t<div class='gallery-icon landscape'>\n\t\t\t\t<a href='https:\/\/www.kulturkurios.de\/wp-content\/uploads\/2016\/11\/01_P1010980.jpg'><img loading=\"lazy\" decoding=\"async\" width=\"150\" height=\"150\" src=\"https:\/\/www.kulturkurios.de\/wp-content\/uploads\/2016\/11\/01_P1010980-150x150.jpg\" class=\"attachment-thumbnail size-thumbnail\" alt=\"\" \/><\/a>\n\t\t\t<\/div><\/figure><figure class='gallery-item'>\n\t\t\t<div class='gallery-icon landscape'>\n\t\t\t\t<a href='https:\/\/www.kulturkurios.de\/wp-content\/uploads\/2016\/11\/02_P1010976.jpg'><img loading=\"lazy\" decoding=\"async\" width=\"150\" height=\"150\" src=\"https:\/\/www.kulturkurios.de\/wp-content\/uploads\/2016\/11\/02_P1010976-150x150.jpg\" class=\"attachment-thumbnail size-thumbnail\" alt=\"\" \/><\/a>\n\t\t\t<\/div><\/figure><figure class='gallery-item'>\n\t\t\t<div class='gallery-icon landscape'>\n\t\t\t\t<a href='https:\/\/www.kulturkurios.de\/wp-content\/uploads\/2016\/11\/P1010960.jpg'><img loading=\"lazy\" decoding=\"async\" width=\"150\" height=\"150\" src=\"https:\/\/www.kulturkurios.de\/wp-content\/uploads\/2016\/11\/P1010960-150x150.jpg\" class=\"attachment-thumbnail size-thumbnail\" alt=\"\" \/><\/a>\n\t\t\t<\/div><\/figure><figure class='gallery-item'>\n\t\t\t<div class='gallery-icon landscape'>\n\t\t\t\t<a href='https:\/\/www.kulturkurios.de\/wp-content\/uploads\/2016\/11\/P1010961.jpg'><img loading=\"lazy\" decoding=\"async\" width=\"150\" height=\"150\" src=\"https:\/\/www.kulturkurios.de\/wp-content\/uploads\/2016\/11\/P1010961-150x150.jpg\" class=\"attachment-thumbnail size-thumbnail\" alt=\"\" \/><\/a>\n\t\t\t<\/div><\/figure><figure class='gallery-item'>\n\t\t\t<div class='gallery-icon landscape'>\n\t\t\t\t<a href='https:\/\/www.kulturkurios.de\/wp-content\/uploads\/2016\/11\/P1010966.jpg'><img loading=\"lazy\" decoding=\"async\" width=\"150\" height=\"150\" src=\"https:\/\/www.kulturkurios.de\/wp-content\/uploads\/2016\/11\/P1010966-150x150.jpg\" class=\"attachment-thumbnail size-thumbnail\" alt=\"\" \/><\/a>\n\t\t\t<\/div><\/figure><figure class='gallery-item'>\n\t\t\t<div class='gallery-icon landscape'>\n\t\t\t\t<a href='https:\/\/www.kulturkurios.de\/wp-content\/uploads\/2016\/11\/P1010973.jpg'><img loading=\"lazy\" decoding=\"async\" width=\"150\" height=\"150\" src=\"https:\/\/www.kulturkurios.de\/wp-content\/uploads\/2016\/11\/P1010973-150x150.jpg\" class=\"attachment-thumbnail size-thumbnail\" alt=\"\" \/><\/a>\n\t\t\t<\/div><\/figure><figure class='gallery-item'>\n\t\t\t<div class='gallery-icon landscape'>\n\t\t\t\t<a href='https:\/\/www.kulturkurios.de\/wp-content\/uploads\/2016\/11\/P1010975.jpg'><img loading=\"lazy\" decoding=\"async\" width=\"150\" height=\"150\" src=\"https:\/\/www.kulturkurios.de\/wp-content\/uploads\/2016\/11\/P1010975-150x150.jpg\" class=\"attachment-thumbnail size-thumbnail\" alt=\"\" \/><\/a>\n\t\t\t<\/div><\/figure><figure class='gallery-item'>\n\t\t\t<div class='gallery-icon landscape'>\n\t\t\t\t<a href='https:\/\/www.kulturkurios.de\/wp-content\/uploads\/2016\/11\/P1010982.jpg'><img loading=\"lazy\" decoding=\"async\" width=\"150\" height=\"150\" src=\"https:\/\/www.kulturkurios.de\/wp-content\/uploads\/2016\/11\/P1010982-150x150.jpg\" class=\"attachment-thumbnail size-thumbnail\" alt=\"\" \/><\/a>\n\t\t\t<\/div><\/figure><figure class='gallery-item'>\n\t\t\t<div class='gallery-icon landscape'>\n\t\t\t\t<a href='https:\/\/www.kulturkurios.de\/wp-content\/uploads\/2016\/11\/P1010983.jpg'><img loading=\"lazy\" decoding=\"async\" width=\"150\" height=\"150\" src=\"https:\/\/www.kulturkurios.de\/wp-content\/uploads\/2016\/11\/P1010983-150x150.jpg\" class=\"attachment-thumbnail size-thumbnail\" alt=\"\" \/><\/a>\n\t\t\t<\/div><\/figure><figure class='gallery-item'>\n\t\t\t<div class='gallery-icon landscape'>\n\t\t\t\t<a href='https:\/\/www.kulturkurios.de\/wp-content\/uploads\/2016\/11\/P1010997.jpg'><img loading=\"lazy\" decoding=\"async\" width=\"150\" height=\"150\" src=\"https:\/\/www.kulturkurios.de\/wp-content\/uploads\/2016\/11\/P1010997-150x150.jpg\" class=\"attachment-thumbnail size-thumbnail\" alt=\"\" \/><\/a>\n\t\t\t<\/div><\/figure>\n\t\t<\/div>\n\n","protected":false},"excerpt":{"rendered":"<p>Der KulturKURIOS-Wanderpokal ging an einen \u00dcberraschungssieger. 3-K\u00f6nige kamen nach Bempflingen zu &#8222;Ihrem&#8220; 3K\u00f6nigsCup, Boule-K\u00f6nig wurde aber ein &#8222;Hirte&#8220; Es war sch\u00f6n, anspruchsvoll und mit \u00dcberraschungen gespickt. Der erste 3K\u00f6nigsCup hat erf\u00fcllt, was sein Name versprochen hat. DER verdient Sieger und seine 2 Kurf\u00fcsten &#8230;<\/p>\n","protected":false},"author":1,"featured_media":0,"parent":0,"menu_order":0,"comment_status":"closed","ping_status":"closed","template":"","meta":{"footnotes":""},"class_list":["post-2881","page","type-page","status-publish","hentry"],"_links":{"self":[{"href":"https:\/\/www.kulturkurios.de\/index.php?rest_route=\/wp\/v2\/pages\/2881","targetHints":{"allow":["GET"]}}],"collection":[{"href":"https:\/\/www.kulturkurios.de\/index.php?rest_route=\/wp\/v2\/pages"}],"about":[{"href":"https:\/\/www.kulturkurios.de\/index.php?rest_route=\/wp\/v2\/types\/page"}],"author":[{"embeddable":true,"href":"https:\/\/www.kulturkurios.de\/index.php?rest_route=\/wp\/v2\/users\/1"}],"replies":[{"embeddable":true,"href":"https:\/\/www.kulturkurios.de\/index.php?rest_route=%2Fwp%2Fv2%2Fcomments&post=2881"}],"version-history":[{"count":1,"href":"https:\/\/www.kulturkurios.de\/index.php?rest_route=\/wp\/v2\/pages\/2881\/revisions"}],"predecessor-version":[{"id":2894,"href":"https:\/\/www.kulturkurios.de\/index.php?rest_route=\/wp\/v2\/pages\/2881\/revisions\/2894"}],"wp:attachment":[{"href":"https:\/\/www.kulturkurios.de\/index.php?rest_route=%2Fwp%2Fv2%2Fmedia&parent=2881"}],"curies":[{"name":"wp","href":"https:\/\/api.w.org\/{rel}","templated":true}]}}