{"id":2875,"date":"2016-11-05T19:43:19","date_gmt":"2016-11-05T18:43:19","guid":{"rendered":"http:\/\/www.kulturkurios.de\/?page_id=2875"},"modified":"2016-11-05T19:43:19","modified_gmt":"2016-11-05T18:43:19","slug":"spiel-nachmittag-spannung-glueck-und-koennen-bei-kaffee-und-kuchen","status":"publish","type":"page","link":"https:\/\/www.kulturkurios.de\/?page_id=2875","title":{"rendered":"Spiel-Nachmittag &#8230; Spannung, Gl\u00fcck und K\u00f6nnen bei Kaffee und Kuchen &#8230;"},"content":{"rendered":"<p>Es wurde ein gem\u00fctliches Familien-Treffen am Sonntagnachmittag.<\/p>\n<div id='gallery-1' class='gallery galleryid-2875 gallery-columns-3 gallery-size-thumbnail'><figure class='gallery-item'>\n\t\t\t<div class='gallery-icon landscape'>\n\t\t\t\t<a href='https:\/\/www.kulturkurios.de\/wp-content\/uploads\/2016\/11\/P1020003.jpg'><img loading=\"lazy\" decoding=\"async\" width=\"150\" height=\"150\" src=\"https:\/\/www.kulturkurios.de\/wp-content\/uploads\/2016\/11\/P1020003-150x150.jpg\" class=\"attachment-thumbnail size-thumbnail\" alt=\"\" \/><\/a>\n\t\t\t<\/div><\/figure><figure class='gallery-item'>\n\t\t\t<div class='gallery-icon landscape'>\n\t\t\t\t<a href='https:\/\/www.kulturkurios.de\/wp-content\/uploads\/2016\/11\/P1020004.jpg'><img loading=\"lazy\" decoding=\"async\" width=\"150\" height=\"150\" src=\"https:\/\/www.kulturkurios.de\/wp-content\/uploads\/2016\/11\/P1020004-150x150.jpg\" class=\"attachment-thumbnail size-thumbnail\" alt=\"\" \/><\/a>\n\t\t\t<\/div><\/figure><figure class='gallery-item'>\n\t\t\t<div class='gallery-icon landscape'>\n\t\t\t\t<a href='https:\/\/www.kulturkurios.de\/wp-content\/uploads\/2016\/11\/P1020005.jpg'><img loading=\"lazy\" decoding=\"async\" width=\"150\" height=\"150\" src=\"https:\/\/www.kulturkurios.de\/wp-content\/uploads\/2016\/11\/P1020005-150x150.jpg\" class=\"attachment-thumbnail size-thumbnail\" alt=\"\" \/><\/a>\n\t\t\t<\/div><\/figure><figure class='gallery-item'>\n\t\t\t<div class='gallery-icon landscape'>\n\t\t\t\t<a href='https:\/\/www.kulturkurios.de\/wp-content\/uploads\/2016\/11\/P1020007.jpg'><img loading=\"lazy\" decoding=\"async\" width=\"150\" height=\"150\" src=\"https:\/\/www.kulturkurios.de\/wp-content\/uploads\/2016\/11\/P1020007-150x150.jpg\" class=\"attachment-thumbnail size-thumbnail\" alt=\"\" \/><\/a>\n\t\t\t<\/div><\/figure>\n\t\t<\/div>\n\n","protected":false},"excerpt":{"rendered":"<p>Es wurde ein gem\u00fctliches Familien-Treffen am Sonntagnachmittag.<\/p>\n","protected":false},"author":1,"featured_media":0,"parent":0,"menu_order":0,"comment_status":"closed","ping_status":"closed","template":"","meta":{"footnotes":""},"class_list":["post-2875","page","type-page","status-publish","hentry"],"_links":{"self":[{"href":"https:\/\/www.kulturkurios.de\/index.php?rest_route=\/wp\/v2\/pages\/2875","targetHints":{"allow":["GET"]}}],"collection":[{"href":"https:\/\/www.kulturkurios.de\/index.php?rest_route=\/wp\/v2\/pages"}],"about":[{"href":"https:\/\/www.kulturkurios.de\/index.php?rest_route=\/wp\/v2\/types\/page"}],"author":[{"embeddable":true,"href":"https:\/\/www.kulturkurios.de\/index.php?rest_route=\/wp\/v2\/users\/1"}],"replies":[{"embeddable":true,"href":"https:\/\/www.kulturkurios.de\/index.php?rest_route=%2Fwp%2Fv2%2Fcomments&post=2875"}],"version-history":[{"count":1,"href":"https:\/\/www.kulturkurios.de\/index.php?rest_route=\/wp\/v2\/pages\/2875\/revisions"}],"predecessor-version":[{"id":2880,"href":"https:\/\/www.kulturkurios.de\/index.php?rest_route=\/wp\/v2\/pages\/2875\/revisions\/2880"}],"wp:attachment":[{"href":"https:\/\/www.kulturkurios.de\/index.php?rest_route=%2Fwp%2Fv2%2Fmedia&parent=2875"}],"curies":[{"name":"wp","href":"https:\/\/api.w.org\/{rel}","templated":true}]}}