{"id":2864,"date":"2016-11-05T19:48:03","date_gmt":"2016-11-05T18:48:03","guid":{"rendered":"http:\/\/www.kulturkurios.de\/?page_id=2864"},"modified":"2018-01-09T21:05:34","modified_gmt":"2018-01-09T20:05:34","slug":"rueckblick-2015","status":"publish","type":"page","link":"https:\/\/www.kulturkurios.de\/?page_id=2864","title":{"rendered":"R\u00fcckblick &#8211; 2015"},"content":{"rendered":"<p>Das Jahr 2015 beim KULTUR<em>KURIOS<\/em><\/p>\n<ul>\n<li><a href=\"http:\/\/www.kulturkurios.de\/?page_id=2866\"><strong><span class=\"Stil6\">Jahreshauptversammlung<\/span><\/strong> &#8230; das<span class=\"Stil8\"> KURIOS<\/span>e Familien-Treffen seit \u00fcber 15 Jahren &#8230;<\/a><\/li>\n<\/ul>\n<p>&nbsp;<\/p>\n<ul>\n<li><a href=\"http:\/\/www.kulturkurios.de\/?page_id=2875\"><span class=\"Stil6\"><strong>S<\/strong><b>piele-Nachmittag<\/b><\/span> &#8230; eine nette und gem\u00fctliche Familien-Veranstaltung &#8230;<\/a><\/li>\n<\/ul>\n<p>&nbsp;<\/p>\n<ul>\n<li><a href=\"http:\/\/www.kulturkurios.de\/?page_id=2881\"><strong><span class=\"Stil1\">&#8222;3 K\u00f6nigCup&#8220;-<\/span><span class=\"Stil6\"> Boule-Turnier<\/span><\/strong> &#8230; ein \u00dcberraschungs-Sieger, der&#8217;s verdient hat &#8230;<\/a><\/li>\n<\/ul>\n<p>&nbsp;<\/p>\n<ul>\n<li><a href=\"http:\/\/www.kulturkurios.de\/?page_id=2895\">Der 14te Adventskalender 2015<\/a><\/li>\n<\/ul>\n","protected":false},"excerpt":{"rendered":"<p>Das Jahr 2015 beim KULTURKURIOS Jahreshauptversammlung &#8230; das KURIOSe Familien-Treffen seit \u00fcber 15 Jahren &#8230; &nbsp; Spiele-Nachmittag &#8230; eine nette und gem\u00fctliche Familien-Veranstaltung &#8230; &nbsp; &#8222;3 K\u00f6nigCup&#8220;- Boule-Turnier &#8230; ein \u00dcberraschungs-Sieger, der&#8217;s verdient hat &#8230; &nbsp; Der 14te Adventskalender 2015<\/p>\n","protected":false},"author":1,"featured_media":0,"parent":0,"menu_order":0,"comment_status":"closed","ping_status":"closed","template":"","meta":{"footnotes":""},"class_list":["post-2864","page","type-page","status-publish","hentry"],"_links":{"self":[{"href":"https:\/\/www.kulturkurios.de\/index.php?rest_route=\/wp\/v2\/pages\/2864","targetHints":{"allow":["GET"]}}],"collection":[{"href":"https:\/\/www.kulturkurios.de\/index.php?rest_route=\/wp\/v2\/pages"}],"about":[{"href":"https:\/\/www.kulturkurios.de\/index.php?rest_route=\/wp\/v2\/types\/page"}],"author":[{"embeddable":true,"href":"https:\/\/www.kulturkurios.de\/index.php?rest_route=\/wp\/v2\/users\/1"}],"replies":[{"embeddable":true,"href":"https:\/\/www.kulturkurios.de\/index.php?rest_route=%2Fwp%2Fv2%2Fcomments&post=2864"}],"version-history":[{"count":5,"href":"https:\/\/www.kulturkurios.de\/index.php?rest_route=\/wp\/v2\/pages\/2864\/revisions"}],"predecessor-version":[{"id":3382,"href":"https:\/\/www.kulturkurios.de\/index.php?rest_route=\/wp\/v2\/pages\/2864\/revisions\/3382"}],"wp:attachment":[{"href":"https:\/\/www.kulturkurios.de\/index.php?rest_route=%2Fwp%2Fv2%2Fmedia&parent=2864"}],"curies":[{"name":"wp","href":"https:\/\/api.w.org\/{rel}","templated":true}]}}