{"id":2829,"date":"2016-11-05T19:26:50","date_gmt":"2016-11-05T18:26:50","guid":{"rendered":"http:\/\/www.kulturkurios.de\/?page_id=2829"},"modified":"2016-11-05T19:26:50","modified_gmt":"2016-11-05T18:26:50","slug":"der-hundertjaehrige-der-aus-dem-fenster-stieg-und-verschwand","status":"publish","type":"page","link":"https:\/\/www.kulturkurios.de\/?page_id=2829","title":{"rendered":"Der Hundertj\u00e4hrige, der aus dem Fenster stieg und verschwand"},"content":{"rendered":"<p class=\"titel\">&#8211; OPEN-Air Kino (leider) in der Turnhalle, <span class=\"Stil4\">presented by<\/span><\/p>\n<p class=\"titel\">&#8230; <strong>kinomobil<\/strong>, Kultur<span class=\"Stil1\">KURIOS<\/span> und (last not least) der Gemeinde Bempflingen &#8230;<\/p>\n<p align=\"left\">Beim OpenAir Kinoabend des Kinomobils am 12. September konnten wir \u00fcber 50 zahlende Besucher begr\u00fc\u00dfen und hatten so ein gut halbvolles Haus bzw. Turnhalle.<br \/>\n<strong>Der Hundertj\u00e4hrige, der aus aus dem Fenster stieg und verschwand <\/strong>war im <em>OpenAir<\/em> Kino.<\/p>\n<p align=\"left\">Da der Dauerregen nicht vor Kinostart aufh\u00f6ren wollte, wurde die <strong>Turnhalle<\/strong> der Grundschule in Bempflingen innerhalb einer knappen Stunde in einen <strong>Kinosaal <\/strong>verwandelt. Die ersten Zuschauer kamen trotz Regens bereits vor 20 Uhr. Mit gerillten Roten, Popcorn und verschiedenen Getr\u00e4nken war f\u00fcr das leibliche Wohl gesorgt.<\/p>\n<p align=\"left\">Einige Zuschauer hatten <strong>warme Jacken und Decken <\/strong>mitgebracht. Es waren dann nur ein paar wenige Explosionen notwendig, bis allen in der trockenen Turnhalle warm war.<\/p>\n<p>Wir w\u00fcrden uns freuen, im n\u00e4chsten Jahr erneut etwas auf die Leinwand zu stellen \u2013 dann aber an einem lauen Sp\u00e4tsommerabend drau\u00dfen auf dem Schulhof.<\/p>\n<p align=\"left\">Unser <strong>Dank <\/strong>geht an das Kinomobil, den Herrn B\u00fcrgermeister Welser und an alle Helferinnen und Helfer.<\/p>\n<p align=\"left\">\n<hr \/>\n<p align=\"left\">Bilder:<\/p>\n<div id='gallery-1' class='gallery galleryid-2829 gallery-columns-3 gallery-size-thumbnail'><figure class='gallery-item'>\n\t\t\t<div class='gallery-icon landscape'>\n\t\t\t\t<a href='https:\/\/www.kulturkurios.de\/wp-content\/uploads\/2016\/11\/film_kinomobil-1.jpg'><img loading=\"lazy\" decoding=\"async\" width=\"150\" height=\"102\" src=\"https:\/\/www.kulturkurios.de\/wp-content\/uploads\/2016\/11\/film_kinomobil-1-150x102.jpg\" class=\"attachment-thumbnail size-thumbnail\" alt=\"\" \/><\/a>\n\t\t\t<\/div><\/figure><figure class='gallery-item'>\n\t\t\t<div class='gallery-icon landscape'>\n\t\t\t\t<a href='https:\/\/www.kulturkurios.de\/wp-content\/uploads\/2016\/11\/Hundertj_Fenster.jpg'><img loading=\"lazy\" decoding=\"async\" width=\"150\" height=\"150\" src=\"https:\/\/www.kulturkurios.de\/wp-content\/uploads\/2016\/11\/Hundertj_Fenster-150x150.jpg\" class=\"attachment-thumbnail size-thumbnail\" alt=\"\" \/><\/a>\n\t\t\t<\/div><\/figure><figure class='gallery-item'>\n\t\t\t<div class='gallery-icon landscape'>\n\t\t\t\t<a href='https:\/\/www.kulturkurios.de\/wp-content\/uploads\/2016\/11\/KinoCollage.jpg'><img loading=\"lazy\" decoding=\"async\" width=\"150\" height=\"150\" src=\"https:\/\/www.kulturkurios.de\/wp-content\/uploads\/2016\/11\/KinoCollage-150x150.jpg\" class=\"attachment-thumbnail size-thumbnail\" alt=\"\" \/><\/a>\n\t\t\t<\/div><\/figure>\n\t\t<\/div>\n\n","protected":false},"excerpt":{"rendered":"<p>&#8211; OPEN-Air Kino (leider) in der Turnhalle, presented by &#8230; kinomobil, KulturKURIOS und (last not least) der Gemeinde Bempflingen &#8230; Beim OpenAir Kinoabend des Kinomobils am 12. September konnten wir \u00fcber 50 zahlende Besucher begr\u00fc\u00dfen und hatten so ein gut halbvolles Haus bzw. Turnhalle. Der Hundertj\u00e4hrige, der aus aus dem Fenster stieg und verschwand war &hellip; <a href=\"https:\/\/www.kulturkurios.de\/?page_id=2829\" class=\"more-link\"><span class=\"screen-reader-text\">\u201eDer Hundertj\u00e4hrige, der aus dem Fenster stieg und verschwand\u201c <\/span>weiterlesen<\/a><\/p>\n","protected":false},"author":1,"featured_media":0,"parent":0,"menu_order":0,"comment_status":"closed","ping_status":"closed","template":"","meta":{"footnotes":""},"class_list":["post-2829","page","type-page","status-publish","hentry"],"_links":{"self":[{"href":"https:\/\/www.kulturkurios.de\/index.php?rest_route=\/wp\/v2\/pages\/2829","targetHints":{"allow":["GET"]}}],"collection":[{"href":"https:\/\/www.kulturkurios.de\/index.php?rest_route=\/wp\/v2\/pages"}],"about":[{"href":"https:\/\/www.kulturkurios.de\/index.php?rest_route=\/wp\/v2\/types\/page"}],"author":[{"embeddable":true,"href":"https:\/\/www.kulturkurios.de\/index.php?rest_route=\/wp\/v2\/users\/1"}],"replies":[{"embeddable":true,"href":"https:\/\/www.kulturkurios.de\/index.php?rest_route=%2Fwp%2Fv2%2Fcomments&post=2829"}],"version-history":[{"count":1,"href":"https:\/\/www.kulturkurios.de\/index.php?rest_route=\/wp\/v2\/pages\/2829\/revisions"}],"predecessor-version":[{"id":2833,"href":"https:\/\/www.kulturkurios.de\/index.php?rest_route=\/wp\/v2\/pages\/2829\/revisions\/2833"}],"wp:attachment":[{"href":"https:\/\/www.kulturkurios.de\/index.php?rest_route=%2Fwp%2Fv2%2Fmedia&parent=2829"}],"curies":[{"name":"wp","href":"https:\/\/api.w.org\/{rel}","templated":true}]}}