{"id":2650,"date":"2016-11-05T19:38:08","date_gmt":"2016-11-05T18:38:08","guid":{"rendered":"http:\/\/www.kulturkurios.de\/?page_id=2650"},"modified":"2016-11-05T19:38:08","modified_gmt":"2016-11-05T18:38:08","slug":"rueckblick-2014","status":"publish","type":"page","link":"https:\/\/www.kulturkurios.de\/?page_id=2650","title":{"rendered":"R\u00fcckblick &#8211; 2014"},"content":{"rendered":"<p><u><em>Gedanken im jetzt \u00e4lter werdenden Jahr:<\/em><\/u><\/p>\n<p>Erst mal genie\u00dfe ich in Ruhe einen erlesen guten DELINAT-Rotwein, der die Kraft des ganzen Jahres 2011 aufgenommen hat. Dankbar und froh denke ich an die Menschen, die in Demeter-Qualit\u00e4t g&#8217;sunde Reben und einen g&#8217;sunden Wein herstellen.<\/p>\n<p>Bei KULTUR<strong><span class=\"Stil1\">KURIOS<\/span><\/strong> habe ich in diesem Jahr wieder Anzeichen des \u00c4lter-Werdens erlebt. Der &#8222;junge Schwung&#8220; ist nicht mehr so kr\u00e4ftig, mit dem &#8222;Ernten&#8220; in der dann \u00e4lteren Phase sind manche zwar pers\u00f6nlich befasst, aber als Verein ist noch wenig &#8222;greifbar&#8220;.<br \/>\nSchauen wir mal, wie dieser &#8222;Most&#8220; zum 2014-er reifen wird.<\/p>\n<p><u><em>Fr\u00fcchte im Cuv\u00e9e (= Mix, Verschnitt):<\/em><\/u><\/p>\n<ul>\n<ul>\n<li><a href=\"http:\/\/www.kulturkurios.de\/?page_id=2652\">D E R Adventskalender <strong>&#8230; im 13ten Jahr &#8230;<\/strong><\/a><\/li>\n<\/ul>\n<\/ul>\n<p>&nbsp;<\/p>\n<ul>\n<ul>\n<li><a href=\"http:\/\/www.kulturkurios.de\/?page_id=2817\"><strong><span class=\"Stil1\">&#8222;7 H\u00fcgel&#8220;-<\/span><span class=\"Stil6\">Wanderung<\/span>: &#8230; zusammen sind&#8217;se 4.545 m hoch<\/strong> &#8230; 500 erklommene H\u00f6henmeter bei wundersch\u00f6nem Wetter<\/a><\/li>\n<\/ul>\n<\/ul>\n<p>&nbsp;<\/p>\n<ul>\n<ul>\n<li><a href=\"http:\/\/www.kulturkurios.de\/?page_id=2829\"><strong><span class=\"Stil1\">&#8222;OPEN-Air&#8220; <\/span>Kino: &#8222;Der Hundertj\u00e4hrige, der aus dem Fenster stieg und verschwand&#8220;<\/strong> &#8211; &#8230; in der Turnhalle<\/a><\/li>\n<\/ul>\n<\/ul>\n<p>&nbsp;<\/p>\n<ul>\n<ul>\n<li><a href=\"http:\/\/www.kulturkurios.de\/?page_id=2834\"><span class=\"Stil4\">Gondel auf Urlaub am Bodensee<\/span> &#8211; gemeinsam mit dem <strong>Bempflinger Seniorenzentrum<\/strong><\/a><\/li>\n<\/ul>\n<\/ul>\n<p>&nbsp;<\/p>\n<ul>\n<ul>\n<li><a href=\"http:\/\/www.kulturkurios.de\/?page_id=2839\">S<strong>ommerferienprogramm <\/strong><strong>&#8230; eine Bachwanderung f\u00fcr Unerschrockene Kids<\/strong><\/a><\/li>\n<\/ul>\n<\/ul>\n<p>&nbsp;<\/p>\n<ul>\n<ul>\n<li><a href=\"http:\/\/www.kulturkurios.de\/?page_id=2842\"><strong><span class=\"Stil2\">SPamO<\/span> &#8211; Sport am Ort: 1 Stunde Bewegung<\/strong> &#8211; Sport-Kult f\u00fcr Indi&#8217;s und Familien<\/a><\/li>\n<\/ul>\n<\/ul>\n<p>&nbsp;<\/p>\n<ul>\n<ul>\n<li style=\"text-align: left;\"><a href=\"http:\/\/www.kulturkurios.de\/?page_id=2853\"><span class=\"Stil4\">&#8222;Stimmen aus der Vergangenheit&#8220; <\/span>&#8211; mediales Staunen und Visionen<\/a><\/li>\n<\/ul>\n<\/ul>\n<p>&nbsp;<\/p>\n<ul>\n<li><a href=\"http:\/\/www.kulturkurios.de\/?page_id=2856\"><span class=\"Stil2\">Bilder<\/span>\u00a0zur Jahreshauptversammlung<\/a><\/li>\n<\/ul>\n","protected":false},"excerpt":{"rendered":"<p>Gedanken im jetzt \u00e4lter werdenden Jahr: Erst mal genie\u00dfe ich in Ruhe einen erlesen guten DELINAT-Rotwein, der die Kraft des ganzen Jahres 2011 aufgenommen hat. Dankbar und froh denke ich an die Menschen, die in Demeter-Qualit\u00e4t g&#8217;sunde Reben und einen g&#8217;sunden Wein herstellen. Bei KULTURKURIOS habe ich in diesem Jahr wieder Anzeichen des \u00c4lter-Werdens erlebt. &hellip; <a href=\"https:\/\/www.kulturkurios.de\/?page_id=2650\" class=\"more-link\"><span class=\"screen-reader-text\">\u201eR\u00fcckblick &#8211; 2014\u201c <\/span>weiterlesen<\/a><\/p>\n","protected":false},"author":1,"featured_media":0,"parent":0,"menu_order":0,"comment_status":"closed","ping_status":"closed","template":"","meta":{"footnotes":""},"class_list":["post-2650","page","type-page","status-publish","hentry"],"_links":{"self":[{"href":"https:\/\/www.kulturkurios.de\/index.php?rest_route=\/wp\/v2\/pages\/2650","targetHints":{"allow":["GET"]}}],"collection":[{"href":"https:\/\/www.kulturkurios.de\/index.php?rest_route=\/wp\/v2\/pages"}],"about":[{"href":"https:\/\/www.kulturkurios.de\/index.php?rest_route=\/wp\/v2\/types\/page"}],"author":[{"embeddable":true,"href":"https:\/\/www.kulturkurios.de\/index.php?rest_route=\/wp\/v2\/users\/1"}],"replies":[{"embeddable":true,"href":"https:\/\/www.kulturkurios.de\/index.php?rest_route=%2Fwp%2Fv2%2Fcomments&post=2650"}],"version-history":[{"count":2,"href":"https:\/\/www.kulturkurios.de\/index.php?rest_route=\/wp\/v2\/pages\/2650\/revisions"}],"predecessor-version":[{"id":2862,"href":"https:\/\/www.kulturkurios.de\/index.php?rest_route=\/wp\/v2\/pages\/2650\/revisions\/2862"}],"wp:attachment":[{"href":"https:\/\/www.kulturkurios.de\/index.php?rest_route=%2Fwp%2Fv2%2Fmedia&parent=2650"}],"curies":[{"name":"wp","href":"https:\/\/api.w.org\/{rel}","templated":true}]}}