{"id":2629,"date":"2016-11-05T16:28:55","date_gmt":"2016-11-05T15:28:55","guid":{"rendered":"http:\/\/www.kulturkurios.de\/?page_id=2629"},"modified":"2016-11-05T16:28:55","modified_gmt":"2016-11-05T15:28:55","slug":"jahreshauptversammlung-jhv-2013","status":"publish","type":"page","link":"https:\/\/www.kulturkurios.de\/?page_id=2629","title":{"rendered":"Jahreshauptversammlung (JHV) 2013"},"content":{"rendered":"<p class=\"titel\"><strong>Kultur<span class=\"Stil1\">KURIOS<\/span> hat jetzt ein &#8222;Testament&#8220;: Gemeinde Bempflingen und Clowns im Dienst e. V. werden erben.<\/strong><\/p>\n<p>Ein herzliches DANKE-Sch\u00f6n an alle Mitglieder, die bei sch\u00f6nem Sommerwetter sich den ernsten Themen einer JHV gewidmet haben.<\/p>\n<p>Zur Entspannung gab&#8217;s erfrischende Getr\u00e4nke, Snaks und &#8230; Boule-Spiele.<\/p>\n<div id='gallery-1' class='gallery galleryid-2629 gallery-columns-3 gallery-size-thumbnail'><figure class='gallery-item'>\n\t\t\t<div class='gallery-icon landscape'>\n\t\t\t\t<a href='https:\/\/www.kulturkurios.de\/wp-content\/uploads\/2016\/11\/P1230778.jpg'><img loading=\"lazy\" decoding=\"async\" width=\"150\" height=\"150\" src=\"https:\/\/www.kulturkurios.de\/wp-content\/uploads\/2016\/11\/P1230778-150x150.jpg\" class=\"attachment-thumbnail size-thumbnail\" alt=\"\" \/><\/a>\n\t\t\t<\/div><\/figure><figure class='gallery-item'>\n\t\t\t<div class='gallery-icon landscape'>\n\t\t\t\t<a href='https:\/\/www.kulturkurios.de\/wp-content\/uploads\/2016\/11\/P1230789.jpg'><img loading=\"lazy\" decoding=\"async\" width=\"150\" height=\"150\" src=\"https:\/\/www.kulturkurios.de\/wp-content\/uploads\/2016\/11\/P1230789-150x150.jpg\" class=\"attachment-thumbnail size-thumbnail\" alt=\"\" \/><\/a>\n\t\t\t<\/div><\/figure><figure class='gallery-item'>\n\t\t\t<div class='gallery-icon landscape'>\n\t\t\t\t<a href='https:\/\/www.kulturkurios.de\/wp-content\/uploads\/2016\/11\/P1230794.jpg'><img loading=\"lazy\" decoding=\"async\" width=\"150\" height=\"150\" src=\"https:\/\/www.kulturkurios.de\/wp-content\/uploads\/2016\/11\/P1230794-150x150.jpg\" class=\"attachment-thumbnail size-thumbnail\" alt=\"\" \/><\/a>\n\t\t\t<\/div><\/figure><figure class='gallery-item'>\n\t\t\t<div class='gallery-icon landscape'>\n\t\t\t\t<a href='https:\/\/www.kulturkurios.de\/wp-content\/uploads\/2016\/11\/P1230806.jpg'><img loading=\"lazy\" decoding=\"async\" width=\"150\" height=\"150\" src=\"https:\/\/www.kulturkurios.de\/wp-content\/uploads\/2016\/11\/P1230806-150x150.jpg\" class=\"attachment-thumbnail size-thumbnail\" alt=\"\" \/><\/a>\n\t\t\t<\/div><\/figure><figure class='gallery-item'>\n\t\t\t<div class='gallery-icon landscape'>\n\t\t\t\t<a href='https:\/\/www.kulturkurios.de\/wp-content\/uploads\/2016\/11\/P1230809.jpg'><img loading=\"lazy\" decoding=\"async\" width=\"150\" height=\"150\" src=\"https:\/\/www.kulturkurios.de\/wp-content\/uploads\/2016\/11\/P1230809-150x150.jpg\" class=\"attachment-thumbnail size-thumbnail\" alt=\"\" \/><\/a>\n\t\t\t<\/div><\/figure><figure class='gallery-item'>\n\t\t\t<div class='gallery-icon landscape'>\n\t\t\t\t<a href='https:\/\/www.kulturkurios.de\/wp-content\/uploads\/2016\/11\/P1230810.jpg'><img loading=\"lazy\" decoding=\"async\" width=\"150\" height=\"150\" src=\"https:\/\/www.kulturkurios.de\/wp-content\/uploads\/2016\/11\/P1230810-150x150.jpg\" class=\"attachment-thumbnail size-thumbnail\" alt=\"\" \/><\/a>\n\t\t\t<\/div><\/figure>\n\t\t<\/div>\n\n","protected":false},"excerpt":{"rendered":"<p>KulturKURIOS hat jetzt ein &#8222;Testament&#8220;: Gemeinde Bempflingen und Clowns im Dienst e. V. werden erben. Ein herzliches DANKE-Sch\u00f6n an alle Mitglieder, die bei sch\u00f6nem Sommerwetter sich den ernsten Themen einer JHV gewidmet haben. Zur Entspannung gab&#8217;s erfrischende Getr\u00e4nke, Snaks und &#8230; Boule-Spiele.<\/p>\n","protected":false},"author":1,"featured_media":0,"parent":0,"menu_order":0,"comment_status":"closed","ping_status":"closed","template":"","meta":{"footnotes":""},"class_list":["post-2629","page","type-page","status-publish","hentry"],"_links":{"self":[{"href":"https:\/\/www.kulturkurios.de\/index.php?rest_route=\/wp\/v2\/pages\/2629","targetHints":{"allow":["GET"]}}],"collection":[{"href":"https:\/\/www.kulturkurios.de\/index.php?rest_route=\/wp\/v2\/pages"}],"about":[{"href":"https:\/\/www.kulturkurios.de\/index.php?rest_route=\/wp\/v2\/types\/page"}],"author":[{"embeddable":true,"href":"https:\/\/www.kulturkurios.de\/index.php?rest_route=\/wp\/v2\/users\/1"}],"replies":[{"embeddable":true,"href":"https:\/\/www.kulturkurios.de\/index.php?rest_route=%2Fwp%2Fv2%2Fcomments&post=2629"}],"version-history":[{"count":1,"href":"https:\/\/www.kulturkurios.de\/index.php?rest_route=\/wp\/v2\/pages\/2629\/revisions"}],"predecessor-version":[{"id":2636,"href":"https:\/\/www.kulturkurios.de\/index.php?rest_route=\/wp\/v2\/pages\/2629\/revisions\/2636"}],"wp:attachment":[{"href":"https:\/\/www.kulturkurios.de\/index.php?rest_route=%2Fwp%2Fv2%2Fmedia&parent=2629"}],"curies":[{"name":"wp","href":"https:\/\/api.w.org\/{rel}","templated":true}]}}