{"id":2391,"date":"2016-11-05T15:11:22","date_gmt":"2016-11-05T14:11:22","guid":{"rendered":"http:\/\/www.kulturkurios.de\/?page_id=2391"},"modified":"2016-11-05T16:34:30","modified_gmt":"2016-11-05T15:34:30","slug":"rueckblick-2013","status":"publish","type":"page","link":"https:\/\/www.kulturkurios.de\/?page_id=2391","title":{"rendered":"R\u00fcckblick &#8211; 2013"},"content":{"rendered":"<p>&nbsp;<\/p>\n<ul>\n<li><span style=\"color: #ff9900;\">NEU:<strong> Jahreshauptversammlung (JHV) mit Satzungs\u00e4nderung <\/strong><\/span>\n<ul>\n<ul>\n<ul>\n<ul>&gt; Das Finanzamt verlangt von gemeinn\u00fctzig anerkannten Vereinen eine Verm\u00f6gens-Regelung f\u00fcr den Fall der Vereinsaufl\u00f6sung:<\/ul>\n<ul>Wenn es eine Zeit nach Kultur-Kurios geben sollte, geht das<\/ul>\n<\/ul>\n<\/ul>\n<\/ul>\n<p><strong>Vereinsverm\u00f6gen je zur H\u00e4lfte an<\/strong><\/p>\n<ul>\n<ul>\n<ul>\n<ul>die &gt; Gemeinde Bempflingen<\/ul>\n<\/ul>\n<\/ul>\n<\/ul>\n<ul>\n<ul>\n<ul>\n<ul>\n<ul>und &gt; Clowns im Dienst e. V<\/ul>\n<\/ul>\n<\/ul>\n<\/ul>\n<\/ul>\n<\/li>\n<\/ul>\n<p>&nbsp;<\/p>\n<ul>\n<li><a href=\"http:\/\/www.kulturkurios.de\/?page_id=2394\">D E R Adventskalender <strong>&#8230; im 12ten Jahr &#8230;<\/strong><\/a><\/li>\n<\/ul>\n<p>&nbsp;<\/p>\n<ul>\n<li><a href=\"http:\/\/www.kulturkurios.de\/?page_id=2557\">\u00a0<strong><span class=\"Stil1\">OPEN-Air <\/span>Kino: &#8222;Die Kirche bleibt im Dorf&#8220;<\/strong><\/a><\/li>\n<\/ul>\n<p>&nbsp;<\/p>\n<ul>\n<li><a href=\"http:\/\/www.kulturkurios.de\/?page_id=2596\"><strong><span class=\"Stil1\">Er\u00f6ffnungs-Feier<\/span> der Boule-Bahn Kleinbettlingen <\/strong><\/a><\/li>\n<\/ul>\n<p>&nbsp;<\/p>\n<ul>\n<li><a href=\"http:\/\/www.kulturkurios.de\/?page_id=2619\"><strong><span class=\"Stil2\">BiNK<\/span> &#8211; Bildung in Natur und Kultur f\u00fcr M\u00e4nner<\/strong><\/a><\/li>\n<\/ul>\n<p>&nbsp;<\/p>\n<ul>\n<li><strong><a href=\"http:\/\/www.kulturkurios.de\/?page_id=2629\"><span class=\"Stil2\">Bilder<\/span>\u00a0zur Jahreshauptversammlung<\/a> <\/strong><\/li>\n<\/ul>\n<p>&nbsp;<\/p>\n","protected":false},"excerpt":{"rendered":"<p>&nbsp; NEU: Jahreshauptversammlung (JHV) mit Satzungs\u00e4nderung &gt; Das Finanzamt verlangt von gemeinn\u00fctzig anerkannten Vereinen eine Verm\u00f6gens-Regelung f\u00fcr den Fall der Vereinsaufl\u00f6sung: Wenn es eine Zeit nach Kultur-Kurios geben sollte, geht das Vereinsverm\u00f6gen je zur H\u00e4lfte an die &gt; Gemeinde Bempflingen und &gt; Clowns im Dienst e. V &nbsp; D E R Adventskalender &#8230; im 12ten &hellip; <a href=\"https:\/\/www.kulturkurios.de\/?page_id=2391\" class=\"more-link\"><span class=\"screen-reader-text\">\u201eR\u00fcckblick &#8211; 2013\u201c <\/span>weiterlesen<\/a><\/p>\n","protected":false},"author":1,"featured_media":0,"parent":0,"menu_order":0,"comment_status":"closed","ping_status":"closed","template":"","meta":{"footnotes":""},"class_list":["post-2391","page","type-page","status-publish","hentry"],"_links":{"self":[{"href":"https:\/\/www.kulturkurios.de\/index.php?rest_route=\/wp\/v2\/pages\/2391","targetHints":{"allow":["GET"]}}],"collection":[{"href":"https:\/\/www.kulturkurios.de\/index.php?rest_route=\/wp\/v2\/pages"}],"about":[{"href":"https:\/\/www.kulturkurios.de\/index.php?rest_route=\/wp\/v2\/types\/page"}],"author":[{"embeddable":true,"href":"https:\/\/www.kulturkurios.de\/index.php?rest_route=\/wp\/v2\/users\/1"}],"replies":[{"embeddable":true,"href":"https:\/\/www.kulturkurios.de\/index.php?rest_route=%2Fwp%2Fv2%2Fcomments&post=2391"}],"version-history":[{"count":4,"href":"https:\/\/www.kulturkurios.de\/index.php?rest_route=\/wp\/v2\/pages\/2391\/revisions"}],"predecessor-version":[{"id":2640,"href":"https:\/\/www.kulturkurios.de\/index.php?rest_route=\/wp\/v2\/pages\/2391\/revisions\/2640"}],"wp:attachment":[{"href":"https:\/\/www.kulturkurios.de\/index.php?rest_route=%2Fwp%2Fv2%2Fmedia&parent=2391"}],"curies":[{"name":"wp","href":"https:\/\/api.w.org\/{rel}","templated":true}]}}