{"id":2170,"date":"2016-11-04T22:00:05","date_gmt":"2016-11-04T21:00:05","guid":{"rendered":"http:\/\/www.kulturkurios.de\/?page_id=2170"},"modified":"2024-12-29T15:36:33","modified_gmt":"2024-12-29T14:36:33","slug":"kurios-und-romantic-eine-franzoesin-aus-chamonix","status":"publish","type":"page","link":"https:\/\/www.kulturkurios.de\/?page_id=2170","title":{"rendered":"Kurios &#8230; und romantic: Eine Franz\u00f6sin aus Chamonix"},"content":{"rendered":"<p><strong><em>&#8222;Es war ein mal &#8230;&#8220;<\/em><\/strong> eine <strong>Jugend<\/strong>, ein <strong>Urlaub<\/strong> und dann eine <strong>Faszination<\/strong> und dann ein<strong> Umzug <\/strong>&#8230;<\/p>\n<p><u>Quasi eine Liebesgeschichte mit allem DrumundDran:<\/u><\/p>\n<p>\u201e<strong>Hoch Hinaus<\/strong>\u201c \u2026 war ihr Lebensmotto von Beginn an <strong>(1924)<\/strong>. Dazu hatte sie sehr viele Menschen mitgenommen, die mit ihr gemeinsame begl\u00fcckende Stunden erleben durften. Sie hat Inspiration und Lebenskraft verteilt, erdverbunden und den Naturkr\u00e4ften sehr nahe.<br \/>\nMit ihrer \u00e4u\u00dferst robusten Gesundheit und ihren bescheidenen Anspr\u00fcche war sie ein liebenswertes Gesch\u00f6pf, nie aufdringlich und wer ihrer Einladung gefolgt war, wurde wunderbar belohnt. Sie vermittelte diese ganz eigene Mischung aus \u201e<strong>Himmel und Erde<\/strong>\u201c, aus Natur und Menschenwerk.<\/p>\n<p><a href=\"http:\/\/de.wikipedia.org\/wiki\/Aiguille_du_Midi\" target=\"_blank\">&gt;&gt;&gt;In ihre Jugendjahre<\/a><\/p>\n<p>\u201eDie Balance der Mitte\u201c war ihr Leben, auf einem hohen Energieniveau und mit grenzenloser Zuversicht. Denn im Spannungsbogen ihres Lebenskarmas war auch sehr gro\u00dfen Wert auf \u201e<strong>Nummer sicher<\/strong>\u201c gelegt worden.<br \/>\nFolgerichtig hatte sie als Gipfel ihrer Lauf- und Schwebebahn in wenigen Jahren den Titel \u201eH\u00f6chste Seilbahn Europas\u201c erklommen.<br \/>\nDoch auch sie musste irgendwann einer ungest\u00fcmen Zeit das Feld r\u00e4umen. Im Alter drohte ihr ein eher schwerm\u00fctig-depressives Dahinsiechen auf einem Abstellgleis bzw. \u2013platz.<\/p>\n<p><strong>ABER<\/strong> es kam eine zweite Chance: Im fortgeschrittenen Alter von 79 Jahren \u201efand\u201c sie ihre \u201e<strong><em>KURIOS<\/em><\/strong>\u201c-Liebe.<br \/>\nWie so oft, bahnte sich auch diese Beziehung im Urlaub <strong>(2003)<\/strong> an. Bei ersten Flirts mit Blickkontakten und kurzen Ber\u00fchrungen beim pers\u00f6nlichen \u201eDate\u201c sprang der Funke \u00fcber. Die Begegnung wurde schnell so \u00fcberw\u00e4ltigend, dass bald \u00fcber einen Umzug zum k\u00fcnftig gemeinsamen Lebensmittelpunkt in Kleinbettlingen gesprochen wurde. Zwar war es eine grenz\u00fcberschreitende Beziehung, doch die beteiligten Seiten wurden sich schnell handelseinig.<br \/>\nDie Trennung vom bisherigen Partner war reine Formsache, und brachte f\u00fcr Alle Vorteile. Die Zukunft schien rosig und voller Eitel-Sonnenschein.<\/p>\n<p>Doch schon der <strong>Umzug im gleichen Jahr<\/strong> hatte sich im wahrsten Sinne des Wortes \u201egewaschen\u201c.<br \/>\nNur der Kleinbettlinger Ingenieurskunst mit ihrer hohen Kreativit\u00e4t war es zu verdanken, dass er trotz Sturm, Regen und Wasserschlacht nicht im Ungl\u00fcck endete. Gondel-<em>KURIOS<\/em> hatte die lange Fahrt als echte \u201eNaturburschin\u201c ohne geringste Blessuren \u00fcberstanden.<br \/>\nIm Gegenteil: Frisch gewaschen hat sie die landschaftlich reizvolle Nacht-Fahrt genossen. Fachgerecht auf einem stabiles Fahrgestell war sie \u00fcber Berg und Tal <strong>ins &#8222;L\u00e4ndle&#8220; kutschiert <\/strong>worden.<br \/>\nAm Schwarzwaldrand st\u00e4rkte eine erholsame Kaffeepause weit nach Mitternacht \u2013 von Muttern serviert \u2013 <strong>das Fuhrpersonal<\/strong> auf der gemeinsamen Abenteuerfahrt. Frisch gest\u00e4rkt und mit einer \u201ezweiten Luft\u201c versehen hatten auch sie hatte ihre \u201eNaturburschen\u201c-Kraft gesp\u00fcrt.<\/p>\n<p>Im gemeinsamen Wohnort wurden dann alle Voraussetzungen geschaffen, dass sie sich wohl f\u00fchlen und ihrem Hobby weiter nachgehen konnte.<br \/>\nPutz-Munter und <strong>leuchtend-frisch<\/strong> in der BOSS-Heimat eingekleidet hat sie sich sogar mit einem Rollator angefreundet. Dadurch ist sie noch mobiler geworden, auch wenn\u2019s nicht mehr ganz so hoch hinauf geht, &#8230; und es haben sich jetzt wesentlich <strong>mehr M\u00f6glichkeiten<\/strong> er\u00f6ffnet, die sie mit gro\u00dfer Freude genie\u00dft.<br \/>\nEs gab auch einen dunklen Moment in der Beziehung, als sie ramponiert wieder aufgep\u00e4ppelt werden musste. Aber auch diese Krise hat die Beziehung gest\u00e4rkt. Seit sogar das \u201everflixte 7-te Jahr\u201c mit Erfolg und Freude \u00fcberstanden wurde, k\u00f6nnen wir mit <strong>Gondel-<em>KURIOS<\/em><\/strong> in eine gute Zukunft blicken.<\/p>\n<p>So wie&#8217;s aussieht, kann sie noch einige hundert Jahre alt werden und es wird dann mal hei\u00dfen, &#8230;<strong><em>&#8222;Und wenn sie nicht gestorben sind, &#8230;&#8220;<\/em><\/strong><\/p>\n<p>Bis dahin und dar\u00fcber hinaus wird sie Alt und Jung bei verschiedenen Feiern und Festen erfreuen.<\/p>\n<div id='gallery-1' class='gallery galleryid-2170 gallery-columns-3 gallery-size-thumbnail'><figure class='gallery-item'>\n\t\t\t<div class='gallery-icon landscape'>\n\t\t\t\t<a href='https:\/\/www.kulturkurios.de\/wp-content\/uploads\/2016\/11\/DSCN8869.jpg'><img loading=\"lazy\" decoding=\"async\" width=\"150\" height=\"150\" src=\"https:\/\/www.kulturkurios.de\/wp-content\/uploads\/2016\/11\/DSCN8869-150x150.jpg\" class=\"attachment-thumbnail size-thumbnail\" alt=\"\" aria-describedby=\"gallery-1-2174\" \/><\/a>\n\t\t\t<\/div>\n\t\t\t\t<figcaption class='wp-caption-text gallery-caption' id='gallery-1-2174'>\n\t\t\t\tDie Gondel\n\t\t\t\t<\/figcaption><\/figure><figure class='gallery-item'>\n\t\t\t<div class='gallery-icon landscape'>\n\t\t\t\t<a href='https:\/\/www.kulturkurios.de\/wp-content\/uploads\/2016\/11\/10JrF-Gondel-2.jpg'><img loading=\"lazy\" decoding=\"async\" width=\"150\" height=\"150\" src=\"https:\/\/www.kulturkurios.de\/wp-content\/uploads\/2016\/11\/10JrF-Gondel-2-150x150.jpg\" class=\"attachment-thumbnail size-thumbnail\" alt=\"\" \/><\/a>\n\t\t\t<\/div><\/figure><figure class='gallery-item'>\n\t\t\t<div class='gallery-icon landscape'>\n\t\t\t\t<a href='https:\/\/www.kulturkurios.de\/wp-content\/uploads\/2016\/11\/10JrF-Gondel-1.jpg'><img loading=\"lazy\" decoding=\"async\" width=\"150\" height=\"150\" src=\"https:\/\/www.kulturkurios.de\/wp-content\/uploads\/2016\/11\/10JrF-Gondel-1-150x150.jpg\" class=\"attachment-thumbnail size-thumbnail\" alt=\"\" \/><\/a>\n\t\t\t<\/div><\/figure><figure class='gallery-item'>\n\t\t\t<div class='gallery-icon landscape'>\n\t\t\t\t<a href='https:\/\/www.kulturkurios.de\/wp-content\/uploads\/2016\/10\/DSCN8782.jpg'><img loading=\"lazy\" decoding=\"async\" width=\"150\" height=\"150\" src=\"https:\/\/www.kulturkurios.de\/wp-content\/uploads\/2016\/10\/DSCN8782-150x150.jpg\" class=\"attachment-thumbnail size-thumbnail\" alt=\"\" \/><\/a>\n\t\t\t<\/div><\/figure><figure class='gallery-item'>\n\t\t\t<div class='gallery-icon landscape'>\n\t\t\t\t<a href='https:\/\/www.kulturkurios.de\/wp-content\/uploads\/2016\/10\/DSCN8827.jpg'><img loading=\"lazy\" decoding=\"async\" width=\"150\" height=\"150\" src=\"https:\/\/www.kulturkurios.de\/wp-content\/uploads\/2016\/10\/DSCN8827-150x150.jpg\" class=\"attachment-thumbnail size-thumbnail\" alt=\"\" \/><\/a>\n\t\t\t<\/div><\/figure><figure class='gallery-item'>\n\t\t\t<div class='gallery-icon landscape'>\n\t\t\t\t<a href='https:\/\/www.kulturkurios.de\/wp-content\/uploads\/2016\/10\/DSCN6277.jpg'><img loading=\"lazy\" decoding=\"async\" width=\"150\" height=\"150\" src=\"https:\/\/www.kulturkurios.de\/wp-content\/uploads\/2016\/10\/DSCN6277-150x150.jpg\" class=\"attachment-thumbnail size-thumbnail\" alt=\"\" \/><\/a>\n\t\t\t<\/div><\/figure><figure class='gallery-item'>\n\t\t\t<div class='gallery-icon portrait'>\n\t\t\t\t<a href='https:\/\/www.kulturkurios.de\/wp-content\/uploads\/2016\/10\/DSCN6262.jpg'><img loading=\"lazy\" decoding=\"async\" width=\"150\" height=\"150\" src=\"https:\/\/www.kulturkurios.de\/wp-content\/uploads\/2016\/10\/DSCN6262-150x150.jpg\" class=\"attachment-thumbnail size-thumbnail\" alt=\"\" \/><\/a>\n\t\t\t<\/div><\/figure><figure class='gallery-item'>\n\t\t\t<div class='gallery-icon landscape'>\n\t\t\t\t<a href='https:\/\/www.kulturkurios.de\/wp-content\/uploads\/2016\/10\/DSCN6261.jpg'><img loading=\"lazy\" decoding=\"async\" width=\"150\" height=\"150\" src=\"https:\/\/www.kulturkurios.de\/wp-content\/uploads\/2016\/10\/DSCN6261-150x150.jpg\" class=\"attachment-thumbnail size-thumbnail\" alt=\"\" \/><\/a>\n\t\t\t<\/div><\/figure><figure class='gallery-item'>\n\t\t\t<div class='gallery-icon portrait'>\n\t\t\t\t<a href='https:\/\/www.kulturkurios.de\/wp-content\/uploads\/2016\/10\/DSCN6260.jpg'><img loading=\"lazy\" decoding=\"async\" width=\"150\" height=\"150\" src=\"https:\/\/www.kulturkurios.de\/wp-content\/uploads\/2016\/10\/DSCN6260-150x150.jpg\" class=\"attachment-thumbnail size-thumbnail\" alt=\"\" \/><\/a>\n\t\t\t<\/div><\/figure><figure class='gallery-item'>\n\t\t\t<div class='gallery-icon landscape'>\n\t\t\t\t<a href='https:\/\/www.kulturkurios.de\/wp-content\/uploads\/2016\/10\/DSCN6254.jpg'><img loading=\"lazy\" decoding=\"async\" width=\"150\" height=\"150\" src=\"https:\/\/www.kulturkurios.de\/wp-content\/uploads\/2016\/10\/DSCN6254-150x150.jpg\" class=\"attachment-thumbnail size-thumbnail\" alt=\"\" \/><\/a>\n\t\t\t<\/div><\/figure><figure class='gallery-item'>\n\t\t\t<div class='gallery-icon landscape'>\n\t\t\t\t<a href='https:\/\/www.kulturkurios.de\/wp-content\/uploads\/2016\/10\/DSCN6265.jpg'><img loading=\"lazy\" decoding=\"async\" width=\"150\" height=\"150\" src=\"https:\/\/www.kulturkurios.de\/wp-content\/uploads\/2016\/10\/DSCN6265-150x150.jpg\" class=\"attachment-thumbnail size-thumbnail\" alt=\"\" \/><\/a>\n\t\t\t<\/div><\/figure><figure class='gallery-item'>\n\t\t\t<div class='gallery-icon landscape'>\n\t\t\t\t<a href='https:\/\/www.kulturkurios.de\/wp-content\/uploads\/2016\/10\/4-gondel-DSCN7534.jpg'><img loading=\"lazy\" decoding=\"async\" width=\"150\" height=\"150\" src=\"https:\/\/www.kulturkurios.de\/wp-content\/uploads\/2016\/10\/4-gondel-DSCN7534-150x150.jpg\" class=\"attachment-thumbnail size-thumbnail\" alt=\"\" \/><\/a>\n\t\t\t<\/div><\/figure><figure class='gallery-item'>\n\t\t\t<div class='gallery-icon landscape'>\n\t\t\t\t<a href='https:\/\/www.kulturkurios.de\/wp-content\/uploads\/2016\/10\/3-platz-DSCN7532.jpg'><img loading=\"lazy\" decoding=\"async\" width=\"150\" height=\"150\" src=\"https:\/\/www.kulturkurios.de\/wp-content\/uploads\/2016\/10\/3-platz-DSCN7532-150x150.jpg\" class=\"attachment-thumbnail size-thumbnail\" alt=\"\" \/><\/a>\n\t\t\t<\/div><\/figure><figure class='gallery-item'>\n\t\t\t<div class='gallery-icon landscape'>\n\t\t\t\t<a href='https:\/\/www.kulturkurios.de\/wp-content\/uploads\/2016\/10\/2-platz-DSCN7531.jpg'><img loading=\"lazy\" decoding=\"async\" width=\"150\" height=\"150\" src=\"https:\/\/www.kulturkurios.de\/wp-content\/uploads\/2016\/10\/2-platz-DSCN7531-150x150.jpg\" class=\"attachment-thumbnail size-thumbnail\" alt=\"\" \/><\/a>\n\t\t\t<\/div><\/figure><figure class='gallery-item'>\n\t\t\t<div class='gallery-icon landscape'>\n\t\t\t\t<a href='https:\/\/www.kulturkurios.de\/wp-content\/uploads\/2016\/10\/12-1-DSCN7571.jpg'><img loading=\"lazy\" decoding=\"async\" width=\"150\" height=\"150\" src=\"https:\/\/www.kulturkurios.de\/wp-content\/uploads\/2016\/10\/12-1-DSCN7571-150x150.jpg\" class=\"attachment-thumbnail size-thumbnail\" alt=\"\" \/><\/a>\n\t\t\t<\/div><\/figure><figure class='gallery-item'>\n\t\t\t<div class='gallery-icon landscape'>\n\t\t\t\t<a href='https:\/\/www.kulturkurios.de\/wp-content\/uploads\/2016\/10\/11-10-DSCN7564.jpg'><img loading=\"lazy\" decoding=\"async\" width=\"150\" height=\"150\" src=\"https:\/\/www.kulturkurios.de\/wp-content\/uploads\/2016\/10\/11-10-DSCN7564-150x150.jpg\" class=\"attachment-thumbnail size-thumbnail\" alt=\"\" \/><\/a>\n\t\t\t<\/div><\/figure><figure class='gallery-item'>\n\t\t\t<div class='gallery-icon landscape'>\n\t\t\t\t<a href='https:\/\/www.kulturkurios.de\/wp-content\/uploads\/2016\/10\/RollSkate2.jpg'><img loading=\"lazy\" decoding=\"async\" width=\"150\" height=\"150\" src=\"https:\/\/www.kulturkurios.de\/wp-content\/uploads\/2016\/10\/RollSkate2-150x150.jpg\" class=\"attachment-thumbnail size-thumbnail\" alt=\"\" aria-describedby=\"gallery-1-75\" \/><\/a>\n\t\t\t<\/div>\n\t\t\t\t<figcaption class='wp-caption-text gallery-caption' id='gallery-1-75'>\n\t\t\t\tRoll n\u00b4 Skate 2\n\t\t\t\t<\/figcaption><\/figure>\n\t\t<\/div>\n\n","protected":false},"excerpt":{"rendered":"<p>&#8222;Es war ein mal &#8230;&#8220; eine Jugend, ein Urlaub und dann eine Faszination und dann ein Umzug &#8230; Quasi eine Liebesgeschichte mit allem DrumundDran: \u201eHoch Hinaus\u201c \u2026 war ihr Lebensmotto von Beginn an (1924). Dazu hatte sie sehr viele Menschen mitgenommen, die mit ihr gemeinsame begl\u00fcckende Stunden erleben durften. Sie hat Inspiration und Lebenskraft verteilt, &hellip; <a href=\"https:\/\/www.kulturkurios.de\/?page_id=2170\" class=\"more-link\"><span class=\"screen-reader-text\">\u201eKurios &#8230; und romantic: Eine Franz\u00f6sin aus Chamonix\u201c <\/span>weiterlesen<\/a><\/p>\n","protected":false},"author":1,"featured_media":0,"parent":0,"menu_order":0,"comment_status":"closed","ping_status":"closed","template":"","meta":{"footnotes":""},"class_list":["post-2170","page","type-page","status-publish","hentry"],"_links":{"self":[{"href":"https:\/\/www.kulturkurios.de\/index.php?rest_route=\/wp\/v2\/pages\/2170","targetHints":{"allow":["GET"]}}],"collection":[{"href":"https:\/\/www.kulturkurios.de\/index.php?rest_route=\/wp\/v2\/pages"}],"about":[{"href":"https:\/\/www.kulturkurios.de\/index.php?rest_route=\/wp\/v2\/types\/page"}],"author":[{"embeddable":true,"href":"https:\/\/www.kulturkurios.de\/index.php?rest_route=\/wp\/v2\/users\/1"}],"replies":[{"embeddable":true,"href":"https:\/\/www.kulturkurios.de\/index.php?rest_route=%2Fwp%2Fv2%2Fcomments&post=2170"}],"version-history":[{"count":4,"href":"https:\/\/www.kulturkurios.de\/index.php?rest_route=\/wp\/v2\/pages\/2170\/revisions"}],"predecessor-version":[{"id":5720,"href":"https:\/\/www.kulturkurios.de\/index.php?rest_route=\/wp\/v2\/pages\/2170\/revisions\/5720"}],"wp:attachment":[{"href":"https:\/\/www.kulturkurios.de\/index.php?rest_route=%2Fwp%2Fv2%2Fmedia&parent=2170"}],"curies":[{"name":"wp","href":"https:\/\/api.w.org\/{rel}","templated":true}]}}