{"id":2098,"date":"2016-11-04T21:26:59","date_gmt":"2016-11-04T20:26:59","guid":{"rendered":"http:\/\/www.kulturkurios.de\/?page_id=2098"},"modified":"2016-11-05T14:25:18","modified_gmt":"2016-11-05T13:25:18","slug":"rueckblick-2012-das-10er-jubilaeum","status":"publish","type":"page","link":"https:\/\/www.kulturkurios.de\/?page_id=2098","title":{"rendered":"R\u00fcckblick &#8211; 2012 >>> DAS 10er Jubil\u00e4um"},"content":{"rendered":"<h1><span style=\"text-decoration: underline;\"><strong><em>Kurios<\/em> und k-wietsch-lebendig<\/strong><\/span><\/h1>\n<blockquote><p><em>&#8222;Es war ein mal &#8230;&#8220;<\/em> ein Winter und dann ein Februar und dann ein 22.02.2002 &#8230;,<br \/>\nda wurde aus der Wiege geholt, was zum Leben reifen wollte &#8230;.<\/p><\/blockquote>\n<p>Junge Familien mit Kindern und einer Menge (noch) ungereifter Ideen &#8230;<br \/>\n&#8230; die zogen aus der dunklen Jahreszeit los &#8230; ein kreatives Ziel vor Augen &#8230;<\/p>\n<p>Zwar kein M\u00e4rchen, aber etwas Wunder-Bares konnte sich entwickeln: <strong>Kultur<em>Kurios<\/em>Kleinbettlingen<\/strong><\/p>\n<p>Bisher jetzt 10 Jahre, in denen wir viel Kulturelles und Kurioses, Sportliches, Besinnliches und Lehrreiches der unterschiedlichsten Art und Weise veranstaltet haben. <strong>10 Jahre mit Euch<\/strong> Unterst\u00fctzer, Freunde und Mitglieder: nur mit Euch ALLEN haben wir <strong>die vielen tollen Dinge<\/strong> durchf\u00fchren und erleben k\u00f6nnen:<\/p>\n<ul>\n<li>Indianerlager und Eisbahn, Roll&amp;Skate Night, OpenAir Kino und Wildschwein\u00acessen, Schneider- und Tanzkurse, Salsafest und das Kochbuch, Staubsauger-battle und Wok-Kochen auf der Wiese, Kunstworkshop und Zirkusprojekte, Fu\u00dfballturnier und Computerkurse, L\u00fcmmel Picknick und Woodst\u00fcckle, die ViertelesL\u00e4ufe, die Gondel<br \/>\n<strong>und<\/strong><\/li>\n<li>10 Adventskalender in und f\u00fcr Kleinbettlingen und Bempflingen. 10 mal 24 M\u00f6glichkeiten zur pers\u00f6nlichen Begegnung in der Vorweihnachtszeit und \u00fcber 12.000 \u20ac an Spenden f\u00fcr verschiedene Wohlt\u00e4ter.<br \/>\n<strong>und<\/strong><\/li>\n<li>&#8230; dazu gibt&#8217;s die Bilder und G&#8217;schichten: <a href=\"http:\/\/www.kulturkurios.de\/?page_id=2166\"><strong>Gondel<em>-KURIOS<\/em><\/strong><\/a><strong> oder<\/strong> <a href=\"http:\/\/www.kulturkurios.de\/?page_id=2153\"><strong>Aktivit\u00e4ten-Kaleidoskop<\/strong><\/a><\/li>\n<\/ul>\n<p><strong>DAS Fest f\u00fcr alle<\/strong> Mitglieder, Freunde und Unterst\u00fctzer des Vereins feierten wir am <strong>Samstag, den 25. Februar ab 18:00 Uhr im B\u00fcrgerhaus<\/strong> in Kleinbettlingen. Alle Miteinander uns konnten wir uns freuen, genie\u00dfen, zur\u00fcck und auch nach vorne blicken.<\/p>\n<p><strong>Herzlichen Dank an alle<\/strong>, die mit dabei waren und sind und <strong>an ALLE<\/strong>, die uns unterst\u00fctzt haben und die uns unterst\u00fctzen.<\/p>\n<p>&nbsp;<\/p>\n<ul>\n<ul>\n<li><a href=\"http:\/\/www.kulturkurios.de\/?page_id=2158\"><strong>Sa.\/So. 25.\/26.02. &#8211; war &#8222;<\/strong> <strong><em>KURIOS<\/em> und Fest-lich&#8220; <\/strong><\/a><br \/>\n &gt; <span style=\"font-family: Verdana;\">&#8230; wir haben gefeiert: <strong>Freude, R\u00fcckblick, Ausblick<\/strong>: das Leben tr\u00e4gt uns und wir tragen das Leben\u00a0<\/span><\/li>\n<\/ul>\n<\/ul>\n<p>&nbsp;<\/p>\n","protected":false},"excerpt":{"rendered":"<p>Kurios und k-wietsch-lebendig &#8222;Es war ein mal &#8230;&#8220; ein Winter und dann ein Februar und dann ein 22.02.2002 &#8230;, da wurde aus der Wiege geholt, was zum Leben reifen wollte &#8230;. Junge Familien mit Kindern und einer Menge (noch) ungereifter Ideen &#8230; &#8230; die zogen aus der dunklen Jahreszeit los &#8230; ein kreatives Ziel vor &hellip; <a href=\"https:\/\/www.kulturkurios.de\/?page_id=2098\" class=\"more-link\"><span class=\"screen-reader-text\">\u201eR\u00fcckblick &#8211; 2012 >>> DAS 10er Jubil\u00e4um\u201c <\/span>weiterlesen<\/a><\/p>\n","protected":false},"author":1,"featured_media":0,"parent":0,"menu_order":0,"comment_status":"closed","ping_status":"closed","template":"","meta":{"footnotes":""},"class_list":["post-2098","page","type-page","status-publish","hentry"],"_links":{"self":[{"href":"https:\/\/www.kulturkurios.de\/index.php?rest_route=\/wp\/v2\/pages\/2098","targetHints":{"allow":["GET"]}}],"collection":[{"href":"https:\/\/www.kulturkurios.de\/index.php?rest_route=\/wp\/v2\/pages"}],"about":[{"href":"https:\/\/www.kulturkurios.de\/index.php?rest_route=\/wp\/v2\/types\/page"}],"author":[{"embeddable":true,"href":"https:\/\/www.kulturkurios.de\/index.php?rest_route=\/wp\/v2\/users\/1"}],"replies":[{"embeddable":true,"href":"https:\/\/www.kulturkurios.de\/index.php?rest_route=%2Fwp%2Fv2%2Fcomments&post=2098"}],"version-history":[{"count":5,"href":"https:\/\/www.kulturkurios.de\/index.php?rest_route=\/wp\/v2\/pages\/2098\/revisions"}],"predecessor-version":[{"id":2178,"href":"https:\/\/www.kulturkurios.de\/index.php?rest_route=\/wp\/v2\/pages\/2098\/revisions\/2178"}],"wp:attachment":[{"href":"https:\/\/www.kulturkurios.de\/index.php?rest_route=%2Fwp%2Fv2%2Fmedia&parent=2098"}],"curies":[{"name":"wp","href":"https:\/\/api.w.org\/{rel}","templated":true}]}}