{"id":2084,"date":"2016-10-30T18:37:47","date_gmt":"2016-10-30T17:37:47","guid":{"rendered":"http:\/\/www.kulturkurios.de\/?page_id=2084"},"modified":"2016-10-30T18:37:47","modified_gmt":"2016-10-30T17:37:47","slug":"wok-exotischer-genuss-im-windgeschuetzten-hof","status":"publish","type":"page","link":"https:\/\/www.kulturkurios.de\/?page_id=2084","title":{"rendered":"WOK &#8211; exotischer Genuss im windgesch\u00fctzten Hof"},"content":{"rendered":"<p>Nach Indien zum kochen&#8230;<br \/>\ndas war an diesem Samstag ein Katzensprung.<\/p>\n<p>6 Kochteams folgen ihm mit wacher Neugier und gro\u00dfer Freude in alle Winkelz\u00fcge und Experimente der thail\u00e4ndisch-malaysich-indischen Kochk\u00fcnste.<br \/>\n&#8230; und der abschlie\u00dfende Genuss der selber zubereiteten Speisen war die Kr\u00f6nung dieses Sommertages.<br \/>\nDas schlechte Wetter hat uns nicht abgeschreckt, den Kochkurs im Freien statt finden zu lassen. Allerdings mussten wir den Ort kurzfristig verlegen. Anstatt auf der sch\u00f6nen Obstbaumwiese packten wir in diesem Jahr unsere WOK&#8217;s und Gasbrenner in der Hohenenneuffenstra\u00dfe aus.<\/p>\n<p>Kurz nach 17.00 Uhr konnte man dann in der Hohenneuffenstra\u00dfe die unterschiedlichsten Ger\u00fcche aufschnappen. J\u00fcrgen erkl\u00e4rte uns, wie zum Beispiel Gew\u00fcrze in der indischen K\u00fcche ger\u00f6stet werden. Insgesamt f\u00fcnf Kochteams haben allerlei verschiedene Gew\u00fcrze verwendet, sodass die Geruchs- und Geschmacksvielfalt grandios war.<\/p>\n<p>Zu Essen gab es reichlich. Angelockt von den wunderbaren Ger\u00fcchen kamen im Laufe der Veranstaltung noch zahlreiche Mitesser dazu. Am Ende waren sich alle einig, dass das mal wieder etwas Besonderes war (es muss nicht immer &#8222;Rote&#8220; sein).<\/p>\n<p><strong>Vielen Dank an alle<\/strong>, die das Angebot angenommen haben, sich einmal in die indische K\u00fcche entf\u00fchren zu lassen. Dies hat dann doch 10 Teilnehmer aus Ludwigsburg, Stuttgart, Neckartenzlingen und Kleinbettlingen angelockt.<\/p>\n<p><strong>Vielen Dank dem K\u00fcchenmeister J\u00fcrgen Sawallich<\/strong>, welcher sich bereit erkl\u00e4rt hatte, dieses besondere Event mit vorzubereiten und die Kochteams durch den Abend zu begleiten.<\/p>\n<hr \/>\n<p>Was zum nachschmecken:<\/p>\n<div id='gallery-1' class='gallery galleryid-2084 gallery-columns-3 gallery-size-thumbnail'><figure class='gallery-item'>\n\t\t\t<div class='gallery-icon landscape'>\n\t\t\t\t<a href='https:\/\/www.kulturkurios.de\/wp-content\/uploads\/2016\/10\/Bilder-2011-06-203.jpg'><img loading=\"lazy\" decoding=\"async\" width=\"150\" height=\"150\" src=\"https:\/\/www.kulturkurios.de\/wp-content\/uploads\/2016\/10\/Bilder-2011-06-203-150x150.jpg\" class=\"attachment-thumbnail size-thumbnail\" alt=\"\" \/><\/a>\n\t\t\t<\/div><\/figure><figure class='gallery-item'>\n\t\t\t<div class='gallery-icon landscape'>\n\t\t\t\t<a href='https:\/\/www.kulturkurios.de\/wp-content\/uploads\/2016\/10\/Bilder-2011-06-207.jpg'><img loading=\"lazy\" decoding=\"async\" width=\"150\" height=\"150\" src=\"https:\/\/www.kulturkurios.de\/wp-content\/uploads\/2016\/10\/Bilder-2011-06-207-150x150.jpg\" class=\"attachment-thumbnail size-thumbnail\" alt=\"\" \/><\/a>\n\t\t\t<\/div><\/figure><figure class='gallery-item'>\n\t\t\t<div class='gallery-icon landscape'>\n\t\t\t\t<a href='https:\/\/www.kulturkurios.de\/wp-content\/uploads\/2016\/10\/Bilder-2011-06-208.jpg'><img loading=\"lazy\" decoding=\"async\" width=\"150\" height=\"150\" src=\"https:\/\/www.kulturkurios.de\/wp-content\/uploads\/2016\/10\/Bilder-2011-06-208-150x150.jpg\" class=\"attachment-thumbnail size-thumbnail\" alt=\"\" \/><\/a>\n\t\t\t<\/div><\/figure><figure class='gallery-item'>\n\t\t\t<div class='gallery-icon landscape'>\n\t\t\t\t<a href='https:\/\/www.kulturkurios.de\/wp-content\/uploads\/2016\/10\/Bilder-2011-06-211.jpg'><img loading=\"lazy\" decoding=\"async\" width=\"150\" height=\"150\" src=\"https:\/\/www.kulturkurios.de\/wp-content\/uploads\/2016\/10\/Bilder-2011-06-211-150x150.jpg\" class=\"attachment-thumbnail size-thumbnail\" alt=\"\" \/><\/a>\n\t\t\t<\/div><\/figure><figure class='gallery-item'>\n\t\t\t<div class='gallery-icon landscape'>\n\t\t\t\t<a href='https:\/\/www.kulturkurios.de\/wp-content\/uploads\/2016\/10\/Bilder-2011-06-219.jpg'><img loading=\"lazy\" decoding=\"async\" width=\"150\" height=\"150\" src=\"https:\/\/www.kulturkurios.de\/wp-content\/uploads\/2016\/10\/Bilder-2011-06-219-150x150.jpg\" class=\"attachment-thumbnail size-thumbnail\" alt=\"\" \/><\/a>\n\t\t\t<\/div><\/figure><figure class='gallery-item'>\n\t\t\t<div class='gallery-icon landscape'>\n\t\t\t\t<a href='https:\/\/www.kulturkurios.de\/wp-content\/uploads\/2016\/10\/Bilder-2011-06-234.jpg'><img loading=\"lazy\" decoding=\"async\" width=\"150\" height=\"150\" src=\"https:\/\/www.kulturkurios.de\/wp-content\/uploads\/2016\/10\/Bilder-2011-06-234-150x150.jpg\" class=\"attachment-thumbnail size-thumbnail\" alt=\"\" \/><\/a>\n\t\t\t<\/div><\/figure><figure class='gallery-item'>\n\t\t\t<div class='gallery-icon landscape'>\n\t\t\t\t<a href='https:\/\/www.kulturkurios.de\/wp-content\/uploads\/2016\/10\/Bilder-2011-06-235.jpg'><img loading=\"lazy\" decoding=\"async\" width=\"150\" height=\"150\" src=\"https:\/\/www.kulturkurios.de\/wp-content\/uploads\/2016\/10\/Bilder-2011-06-235-150x150.jpg\" class=\"attachment-thumbnail size-thumbnail\" alt=\"\" \/><\/a>\n\t\t\t<\/div><\/figure><figure class='gallery-item'>\n\t\t\t<div class='gallery-icon portrait'>\n\t\t\t\t<a href='https:\/\/www.kulturkurios.de\/wp-content\/uploads\/2016\/10\/Bilder-2011-06-239.jpg'><img loading=\"lazy\" decoding=\"async\" width=\"150\" height=\"150\" src=\"https:\/\/www.kulturkurios.de\/wp-content\/uploads\/2016\/10\/Bilder-2011-06-239-150x150.jpg\" class=\"attachment-thumbnail size-thumbnail\" alt=\"\" \/><\/a>\n\t\t\t<\/div><\/figure><figure class='gallery-item'>\n\t\t\t<div class='gallery-icon landscape'>\n\t\t\t\t<a href='https:\/\/www.kulturkurios.de\/wp-content\/uploads\/2016\/10\/Bilder-2011-06-240.jpg'><img loading=\"lazy\" decoding=\"async\" width=\"150\" height=\"150\" src=\"https:\/\/www.kulturkurios.de\/wp-content\/uploads\/2016\/10\/Bilder-2011-06-240-150x150.jpg\" class=\"attachment-thumbnail size-thumbnail\" alt=\"\" \/><\/a>\n\t\t\t<\/div><\/figure><figure class='gallery-item'>\n\t\t\t<div class='gallery-icon landscape'>\n\t\t\t\t<a href='https:\/\/www.kulturkurios.de\/wp-content\/uploads\/2016\/10\/Bilder-2011-06-245.jpg'><img loading=\"lazy\" decoding=\"async\" width=\"150\" height=\"150\" src=\"https:\/\/www.kulturkurios.de\/wp-content\/uploads\/2016\/10\/Bilder-2011-06-245-150x150.jpg\" class=\"attachment-thumbnail size-thumbnail\" alt=\"\" \/><\/a>\n\t\t\t<\/div><\/figure>\n\t\t<\/div>\n\n","protected":false},"excerpt":{"rendered":"<p>Nach Indien zum kochen&#8230; das war an diesem Samstag ein Katzensprung. 6 Kochteams folgen ihm mit wacher Neugier und gro\u00dfer Freude in alle Winkelz\u00fcge und Experimente der thail\u00e4ndisch-malaysich-indischen Kochk\u00fcnste. &#8230; und der abschlie\u00dfende Genuss der selber zubereiteten Speisen war die Kr\u00f6nung dieses Sommertages. Das schlechte Wetter hat uns nicht abgeschreckt, den Kochkurs im Freien statt &hellip; <a href=\"https:\/\/www.kulturkurios.de\/?page_id=2084\" class=\"more-link\"><span class=\"screen-reader-text\">\u201eWOK &#8211; exotischer Genuss im windgesch\u00fctzten Hof\u201c <\/span>weiterlesen<\/a><\/p>\n","protected":false},"author":1,"featured_media":0,"parent":0,"menu_order":0,"comment_status":"closed","ping_status":"closed","template":"","meta":{"footnotes":""},"class_list":["post-2084","page","type-page","status-publish","hentry"],"_links":{"self":[{"href":"https:\/\/www.kulturkurios.de\/index.php?rest_route=\/wp\/v2\/pages\/2084","targetHints":{"allow":["GET"]}}],"collection":[{"href":"https:\/\/www.kulturkurios.de\/index.php?rest_route=\/wp\/v2\/pages"}],"about":[{"href":"https:\/\/www.kulturkurios.de\/index.php?rest_route=\/wp\/v2\/types\/page"}],"author":[{"embeddable":true,"href":"https:\/\/www.kulturkurios.de\/index.php?rest_route=\/wp\/v2\/users\/1"}],"replies":[{"embeddable":true,"href":"https:\/\/www.kulturkurios.de\/index.php?rest_route=%2Fwp%2Fv2%2Fcomments&post=2084"}],"version-history":[{"count":1,"href":"https:\/\/www.kulturkurios.de\/index.php?rest_route=\/wp\/v2\/pages\/2084\/revisions"}],"predecessor-version":[{"id":2095,"href":"https:\/\/www.kulturkurios.de\/index.php?rest_route=\/wp\/v2\/pages\/2084\/revisions\/2095"}],"wp:attachment":[{"href":"https:\/\/www.kulturkurios.de\/index.php?rest_route=%2Fwp%2Fv2%2Fmedia&parent=2084"}],"curies":[{"name":"wp","href":"https:\/\/api.w.org\/{rel}","templated":true}]}}