{"id":2022,"date":"2016-10-30T18:23:28","date_gmt":"2016-10-30T17:23:28","guid":{"rendered":"http:\/\/www.kulturkurios.de\/?page_id=2022"},"modified":"2016-10-30T18:23:28","modified_gmt":"2016-10-30T17:23:28","slug":"kurios-gelungen-eine-zielfuehrende-mischung-der-schoenen-kuenste","status":"publish","type":"page","link":"https:\/\/www.kulturkurios.de\/?page_id=2022","title":{"rendered":"KURIOS gelungen: Eine zielf\u00fchrende Mischung der sch\u00f6nen K\u00fcnste &#8230;"},"content":{"rendered":"<blockquote><p><em>&#8222;Es war ein mal &#8230;&#8220;<\/em> ein elfter September &#8230; und \u00fcber die H\u00e4lfte der Mitlieder kamen &#8230;<\/p><\/blockquote>\n<p><strong>1. Die Geschichte <\/strong>in Stichworten<\/p>\n<p>&nbsp;<\/p>\n<ul>\n<li>Ve&#8230;reinspaziert, herzlich willkommen &#8230;<\/li>\n<li>Verein-t beraten und entscheiden &#8230;<\/li>\n<li>&#8230; Vorstand &#8222;steht&#8220; &#8230;<\/li>\n<li>Wetter droht &#8230;<\/li>\n<li>&#8230; oder ???<\/li>\n<li>Wie gewohnt: Regenpause &#8230;<\/li>\n<li>Wie gewohnt: Feier mit Feuer<\/li>\n<li>Fest-Mahl &#8230; warm und trocken &#8230;<\/li>\n<li>Stra\u00dfenkunst &#8230;<\/li>\n<li>&#8230; auch zu Fu\u00df &#8230;<\/li>\n<\/ul>\n<p>&nbsp;<\/p>\n<ul>\n<li>KinderKino &#8230; (ohne Bilder, da nix f\u00fcr Erwachsene) &#8230;<\/li>\n<li>K\u00fcnstlertreff &#8230; (ohne Bilder, da der erst noch wird) &#8230;<\/li>\n<\/ul>\n<p><strong>2. Die Geschichte <\/strong>mit der Arbeit:<strong> Herzlichen Dank an alle<\/strong>, die unterst\u00fctzen und die dabei sind.<\/p>\n<hr \/>\n<p>3. Die Geschichte in Bildern:<\/p>\n<div id='gallery-1' class='gallery galleryid-2022 gallery-columns-3 gallery-size-thumbnail'><figure class='gallery-item'>\n\t\t\t<div class='gallery-icon landscape'>\n\t\t\t\t<a href='https:\/\/www.kulturkurios.de\/wp-content\/uploads\/2016\/10\/P1160359.jpg'><img loading=\"lazy\" decoding=\"async\" width=\"150\" height=\"150\" src=\"https:\/\/www.kulturkurios.de\/wp-content\/uploads\/2016\/10\/P1160359-150x150.jpg\" class=\"attachment-thumbnail size-thumbnail\" alt=\"\" \/><\/a>\n\t\t\t<\/div><\/figure><figure class='gallery-item'>\n\t\t\t<div class='gallery-icon landscape'>\n\t\t\t\t<a href='https:\/\/www.kulturkurios.de\/wp-content\/uploads\/2016\/10\/P1160364.jpg'><img loading=\"lazy\" decoding=\"async\" width=\"150\" height=\"150\" src=\"https:\/\/www.kulturkurios.de\/wp-content\/uploads\/2016\/10\/P1160364-150x150.jpg\" class=\"attachment-thumbnail size-thumbnail\" alt=\"\" \/><\/a>\n\t\t\t<\/div><\/figure><figure class='gallery-item'>\n\t\t\t<div class='gallery-icon landscape'>\n\t\t\t\t<a href='https:\/\/www.kulturkurios.de\/wp-content\/uploads\/2016\/10\/P1160367.jpg'><img loading=\"lazy\" decoding=\"async\" width=\"150\" height=\"150\" src=\"https:\/\/www.kulturkurios.de\/wp-content\/uploads\/2016\/10\/P1160367-150x150.jpg\" class=\"attachment-thumbnail size-thumbnail\" alt=\"\" \/><\/a>\n\t\t\t<\/div><\/figure><figure class='gallery-item'>\n\t\t\t<div class='gallery-icon landscape'>\n\t\t\t\t<a href='https:\/\/www.kulturkurios.de\/wp-content\/uploads\/2016\/10\/P1160369.jpg'><img loading=\"lazy\" decoding=\"async\" width=\"150\" height=\"150\" src=\"https:\/\/www.kulturkurios.de\/wp-content\/uploads\/2016\/10\/P1160369-150x150.jpg\" class=\"attachment-thumbnail size-thumbnail\" alt=\"\" \/><\/a>\n\t\t\t<\/div><\/figure><figure class='gallery-item'>\n\t\t\t<div class='gallery-icon landscape'>\n\t\t\t\t<a href='https:\/\/www.kulturkurios.de\/wp-content\/uploads\/2016\/10\/P1160372.jpg'><img loading=\"lazy\" decoding=\"async\" width=\"150\" height=\"150\" src=\"https:\/\/www.kulturkurios.de\/wp-content\/uploads\/2016\/10\/P1160372-150x150.jpg\" class=\"attachment-thumbnail size-thumbnail\" alt=\"\" \/><\/a>\n\t\t\t<\/div><\/figure><figure class='gallery-item'>\n\t\t\t<div class='gallery-icon landscape'>\n\t\t\t\t<a href='https:\/\/www.kulturkurios.de\/wp-content\/uploads\/2016\/10\/P1160374.jpg'><img loading=\"lazy\" decoding=\"async\" width=\"150\" height=\"150\" src=\"https:\/\/www.kulturkurios.de\/wp-content\/uploads\/2016\/10\/P1160374-150x150.jpg\" class=\"attachment-thumbnail size-thumbnail\" alt=\"\" \/><\/a>\n\t\t\t<\/div><\/figure><figure class='gallery-item'>\n\t\t\t<div class='gallery-icon landscape'>\n\t\t\t\t<a href='https:\/\/www.kulturkurios.de\/wp-content\/uploads\/2016\/10\/P1160378.jpg'><img loading=\"lazy\" decoding=\"async\" width=\"150\" height=\"150\" src=\"https:\/\/www.kulturkurios.de\/wp-content\/uploads\/2016\/10\/P1160378-150x150.jpg\" class=\"attachment-thumbnail size-thumbnail\" alt=\"\" \/><\/a>\n\t\t\t<\/div><\/figure><figure class='gallery-item'>\n\t\t\t<div class='gallery-icon landscape'>\n\t\t\t\t<a href='https:\/\/www.kulturkurios.de\/wp-content\/uploads\/2016\/10\/P1160385.jpg'><img loading=\"lazy\" decoding=\"async\" width=\"150\" height=\"150\" src=\"https:\/\/www.kulturkurios.de\/wp-content\/uploads\/2016\/10\/P1160385-150x150.jpg\" class=\"attachment-thumbnail size-thumbnail\" alt=\"\" \/><\/a>\n\t\t\t<\/div><\/figure><figure class='gallery-item'>\n\t\t\t<div class='gallery-icon landscape'>\n\t\t\t\t<a href='https:\/\/www.kulturkurios.de\/wp-content\/uploads\/2016\/10\/P1160390.jpg'><img loading=\"lazy\" decoding=\"async\" width=\"150\" height=\"150\" src=\"https:\/\/www.kulturkurios.de\/wp-content\/uploads\/2016\/10\/P1160390-150x150.jpg\" class=\"attachment-thumbnail size-thumbnail\" alt=\"\" \/><\/a>\n\t\t\t<\/div><\/figure><figure class='gallery-item'>\n\t\t\t<div class='gallery-icon landscape'>\n\t\t\t\t<a href='https:\/\/www.kulturkurios.de\/wp-content\/uploads\/2016\/10\/P1160412.jpg'><img loading=\"lazy\" decoding=\"async\" width=\"150\" height=\"150\" src=\"https:\/\/www.kulturkurios.de\/wp-content\/uploads\/2016\/10\/P1160412-150x150.jpg\" class=\"attachment-thumbnail size-thumbnail\" alt=\"\" \/><\/a>\n\t\t\t<\/div><\/figure>\n\t\t<\/div>\n\n<p>&nbsp;<\/p>\n","protected":false},"excerpt":{"rendered":"<p>&#8222;Es war ein mal &#8230;&#8220; ein elfter September &#8230; und \u00fcber die H\u00e4lfte der Mitlieder kamen &#8230; 1. Die Geschichte in Stichworten &nbsp; Ve&#8230;reinspaziert, herzlich willkommen &#8230; Verein-t beraten und entscheiden &#8230; &#8230; Vorstand &#8222;steht&#8220; &#8230; Wetter droht &#8230; &#8230; oder ??? Wie gewohnt: Regenpause &#8230; Wie gewohnt: Feier mit Feuer Fest-Mahl &#8230; warm und &hellip; <a href=\"https:\/\/www.kulturkurios.de\/?page_id=2022\" class=\"more-link\"><span class=\"screen-reader-text\">\u201eKURIOS gelungen: Eine zielf\u00fchrende Mischung der sch\u00f6nen K\u00fcnste &#8230;\u201c <\/span>weiterlesen<\/a><\/p>\n","protected":false},"author":1,"featured_media":0,"parent":0,"menu_order":0,"comment_status":"closed","ping_status":"closed","template":"","meta":{"footnotes":""},"class_list":["post-2022","page","type-page","status-publish","hentry"],"_links":{"self":[{"href":"https:\/\/www.kulturkurios.de\/index.php?rest_route=\/wp\/v2\/pages\/2022","targetHints":{"allow":["GET"]}}],"collection":[{"href":"https:\/\/www.kulturkurios.de\/index.php?rest_route=\/wp\/v2\/pages"}],"about":[{"href":"https:\/\/www.kulturkurios.de\/index.php?rest_route=\/wp\/v2\/types\/page"}],"author":[{"embeddable":true,"href":"https:\/\/www.kulturkurios.de\/index.php?rest_route=\/wp\/v2\/users\/1"}],"replies":[{"embeddable":true,"href":"https:\/\/www.kulturkurios.de\/index.php?rest_route=%2Fwp%2Fv2%2Fcomments&post=2022"}],"version-history":[{"count":1,"href":"https:\/\/www.kulturkurios.de\/index.php?rest_route=\/wp\/v2\/pages\/2022\/revisions"}],"predecessor-version":[{"id":2033,"href":"https:\/\/www.kulturkurios.de\/index.php?rest_route=\/wp\/v2\/pages\/2022\/revisions\/2033"}],"wp:attachment":[{"href":"https:\/\/www.kulturkurios.de\/index.php?rest_route=%2Fwp%2Fv2%2Fmedia&parent=2022"}],"curies":[{"name":"wp","href":"https:\/\/api.w.org\/{rel}","templated":true}]}}