{"id":1718,"date":"2016-10-30T16:20:46","date_gmt":"2016-10-30T15:20:46","guid":{"rendered":"http:\/\/www.kulturkurios.de\/?page_id=1718"},"modified":"2016-10-30T16:20:59","modified_gmt":"2016-10-30T15:20:59","slug":"tanzend-durch-osteuropa-und-den-balkan-ans-mittelmeer","status":"publish","type":"page","link":"https:\/\/www.kulturkurios.de\/?page_id=1718","title":{"rendered":"Tanzend durch Osteuropa und den Balkan ans Mittelmeer &#8230;"},"content":{"rendered":"<p>Ja !! Es war ein gelungener und sehr sch\u00f6ner Nachmittag. Mit viel Freude und Schwei\u00df tanzten ca. 15 T\u00e4nzerInnen durch mehrer L\u00e4nder Osteuropas.<br \/>\nNach einer St\u00e4rkung in der Pause an einer geschmackvoll gedeckten Kaffetafel wiederholten wir die gelernten Bewegungen und genossen es, uns im gemeinsamen Rhythmus der Schritte wiegen und tragen zu lassen.<\/p>\n<p>Die Kinder waren ebenfalls voller Begeisterung und Tanzdrang.<br \/>\nNach ihrer Stunde wollten sie \u00fcberhaupt nicht zu einem Ende finden. Sie durften dann ihre K\u00fcnste noch den Erwachsenen vorf\u00fchren.<\/p>\n<p>Vielen herzlichen Dank unserer <strong> Seminarleiterin Frau Makutz-Weber <\/strong>, die uns diese wunderbare Tanzerfahrung erm\u00f6glicht hatte.<\/p>\n<p>Der gr\u00f6\u00dfte Anteil der Unkostenbeitr\u00e4ge und Spenden des Tanzsseminars ging an ein Haiti Hilfsprojekt.<br \/>\nAtonia Makutz-Weber lebte selbst einige Zeit in Haiti.<br \/>\nSie hatte zuvor bereits in Deutschland und mehrmals in Haiti selber an <strong>\u201eHaiti-Hilfe-Schramberg\u201c<\/strong> mit gearbeitet.<br \/>\nSeither unterst\u00fctzt sie nach Kr\u00e4ften die laufenden Projekte.<br \/>\nUnsere Spende von <strong>150 EURO kommt einem Waisenhaus<\/strong> zugute, das vom Erdbeben traumatisierte Kinder aufnimmt. Vielen Dank an alle, die mit ihren Spenden dabei helfen !!<\/p>\n<div id='gallery-1' class='gallery galleryid-1718 gallery-columns-3 gallery-size-thumbnail'><figure class='gallery-item'>\n\t\t\t<div class='gallery-icon landscape'>\n\t\t\t\t<a href='https:\/\/www.kulturkurios.de\/wp-content\/uploads\/2016\/10\/rueckblick_2010_tanzgruppe.jpg'><img loading=\"lazy\" decoding=\"async\" width=\"150\" height=\"150\" src=\"https:\/\/www.kulturkurios.de\/wp-content\/uploads\/2016\/10\/rueckblick_2010_tanzgruppe-150x150.jpg\" class=\"attachment-thumbnail size-thumbnail\" alt=\"\" aria-describedby=\"gallery-1-1719\" \/><\/a>\n\t\t\t<\/div>\n\t\t\t\t<figcaption class='wp-caption-text gallery-caption' id='gallery-1-1719'>\n\t\t\t\tTanzgruppe\n\t\t\t\t<\/figcaption><\/figure><figure class='gallery-item'>\n\t\t\t<div class='gallery-icon landscape'>\n\t\t\t\t<a href='https:\/\/www.kulturkurios.de\/wp-content\/uploads\/2016\/10\/Tanzkids.jpg'><img loading=\"lazy\" decoding=\"async\" width=\"150\" height=\"150\" src=\"https:\/\/www.kulturkurios.de\/wp-content\/uploads\/2016\/10\/Tanzkids-150x150.jpg\" class=\"attachment-thumbnail size-thumbnail\" alt=\"\" aria-describedby=\"gallery-1-1720\" \/><\/a>\n\t\t\t<\/div>\n\t\t\t\t<figcaption class='wp-caption-text gallery-caption' id='gallery-1-1720'>\n\t\t\t\tTanzkids\n\t\t\t\t<\/figcaption><\/figure>\n\t\t<\/div>\n\n<p>&nbsp;<\/p>\n<p>&nbsp;<\/p>\n","protected":false},"excerpt":{"rendered":"<p>Ja !! Es war ein gelungener und sehr sch\u00f6ner Nachmittag. Mit viel Freude und Schwei\u00df tanzten ca. 15 T\u00e4nzerInnen durch mehrer L\u00e4nder Osteuropas. Nach einer St\u00e4rkung in der Pause an einer geschmackvoll gedeckten Kaffetafel wiederholten wir die gelernten Bewegungen und genossen es, uns im gemeinsamen Rhythmus der Schritte wiegen und tragen zu lassen. Die Kinder &hellip; <a href=\"https:\/\/www.kulturkurios.de\/?page_id=1718\" class=\"more-link\"><span class=\"screen-reader-text\">\u201eTanzend durch Osteuropa und den Balkan ans Mittelmeer &#8230;\u201c <\/span>weiterlesen<\/a><\/p>\n","protected":false},"author":1,"featured_media":0,"parent":0,"menu_order":0,"comment_status":"closed","ping_status":"closed","template":"","meta":{"footnotes":""},"class_list":["post-1718","page","type-page","status-publish","hentry"],"_links":{"self":[{"href":"https:\/\/www.kulturkurios.de\/index.php?rest_route=\/wp\/v2\/pages\/1718","targetHints":{"allow":["GET"]}}],"collection":[{"href":"https:\/\/www.kulturkurios.de\/index.php?rest_route=\/wp\/v2\/pages"}],"about":[{"href":"https:\/\/www.kulturkurios.de\/index.php?rest_route=\/wp\/v2\/types\/page"}],"author":[{"embeddable":true,"href":"https:\/\/www.kulturkurios.de\/index.php?rest_route=\/wp\/v2\/users\/1"}],"replies":[{"embeddable":true,"href":"https:\/\/www.kulturkurios.de\/index.php?rest_route=%2Fwp%2Fv2%2Fcomments&post=1718"}],"version-history":[{"count":2,"href":"https:\/\/www.kulturkurios.de\/index.php?rest_route=\/wp\/v2\/pages\/1718\/revisions"}],"predecessor-version":[{"id":1722,"href":"https:\/\/www.kulturkurios.de\/index.php?rest_route=\/wp\/v2\/pages\/1718\/revisions\/1722"}],"wp:attachment":[{"href":"https:\/\/www.kulturkurios.de\/index.php?rest_route=%2Fwp%2Fv2%2Fmedia&parent=1718"}],"curies":[{"name":"wp","href":"https:\/\/api.w.org\/{rel}","templated":true}]}}