{"id":1510,"date":"2016-10-30T15:31:07","date_gmt":"2016-10-30T14:31:07","guid":{"rendered":"http:\/\/www.kulturkurios.de\/?page_id=1510"},"modified":"2016-10-30T15:31:07","modified_gmt":"2016-10-30T14:31:07","slug":"martini-2009-kultur-kurios-und-150-jahre-trost-muehle","status":"publish","type":"page","link":"https:\/\/www.kulturkurios.de\/?page_id=1510","title":{"rendered":"Martini 2009: Kultur Kurios und 150-Jahre-Trost-M\u00fchle"},"content":{"rendered":"<p>F\u00fcr die kleinen und gro\u00dfen Besucher war\u2019s ein starkes Erlebnis:<br \/>\nDas Flair der <strong>festlich herausgeputzten M\u00fchle<\/strong> und das von Kultur Kurios gebotene leibliche Wohl.<br \/>\nAls <strong>Kinder-&#8222;Hei-Leit&#8217;s&#8220;<\/strong> gab&#8217;s Pony-Reiten, Waffeln und Wurst-Grillen am offenen Feuer.<\/p>\n<p><img loading=\"lazy\" decoding=\"async\" class=\"alignnone size-medium wp-image-1511\" src=\"http:\/\/www.kulturkurios.de\/wp-content\/uploads\/2016\/10\/rueckblick_2009_martini_P1070367-300x200.png\" alt=\"rueckblick_2009_martini_p1070367\" width=\"300\" height=\"200\" srcset=\"https:\/\/www.kulturkurios.de\/wp-content\/uploads\/2016\/10\/rueckblick_2009_martini_P1070367-300x200.png 300w, https:\/\/www.kulturkurios.de\/wp-content\/uploads\/2016\/10\/rueckblick_2009_martini_P1070367.png 640w\" sizes=\"auto, (max-width: 300px) 85vw, 300px\" \/> <img loading=\"lazy\" decoding=\"async\" class=\"alignnone size-medium wp-image-1512\" src=\"http:\/\/www.kulturkurios.de\/wp-content\/uploads\/2016\/10\/rueckblick_2009_martini_P1070379-300x200.png\" alt=\"rueckblick_2009_martini_p1070379\" width=\"300\" height=\"200\" srcset=\"https:\/\/www.kulturkurios.de\/wp-content\/uploads\/2016\/10\/rueckblick_2009_martini_P1070379-300x200.png 300w, https:\/\/www.kulturkurios.de\/wp-content\/uploads\/2016\/10\/rueckblick_2009_martini_P1070379.png 640w\" sizes=\"auto, (max-width: 300px) 85vw, 300px\" \/> <img loading=\"lazy\" decoding=\"async\" class=\"alignnone size-medium wp-image-1513\" src=\"http:\/\/www.kulturkurios.de\/wp-content\/uploads\/2016\/10\/rueckblick_2009_martini_P1070392-300x200.png\" alt=\"rueckblick_2009_martini_p1070392\" width=\"300\" height=\"200\" srcset=\"https:\/\/www.kulturkurios.de\/wp-content\/uploads\/2016\/10\/rueckblick_2009_martini_P1070392-300x200.png 300w, https:\/\/www.kulturkurios.de\/wp-content\/uploads\/2016\/10\/rueckblick_2009_martini_P1070392.png 640w\" sizes=\"auto, (max-width: 300px) 85vw, 300px\" \/><\/p>\n","protected":false},"excerpt":{"rendered":"<p>F\u00fcr die kleinen und gro\u00dfen Besucher war\u2019s ein starkes Erlebnis: Das Flair der festlich herausgeputzten M\u00fchle und das von Kultur Kurios gebotene leibliche Wohl. Als Kinder-&#8222;Hei-Leit&#8217;s&#8220; gab&#8217;s Pony-Reiten, Waffeln und Wurst-Grillen am offenen Feuer.<\/p>\n","protected":false},"author":1,"featured_media":0,"parent":0,"menu_order":0,"comment_status":"closed","ping_status":"closed","template":"","meta":{"footnotes":""},"class_list":["post-1510","page","type-page","status-publish","hentry"],"_links":{"self":[{"href":"https:\/\/www.kulturkurios.de\/index.php?rest_route=\/wp\/v2\/pages\/1510","targetHints":{"allow":["GET"]}}],"collection":[{"href":"https:\/\/www.kulturkurios.de\/index.php?rest_route=\/wp\/v2\/pages"}],"about":[{"href":"https:\/\/www.kulturkurios.de\/index.php?rest_route=\/wp\/v2\/types\/page"}],"author":[{"embeddable":true,"href":"https:\/\/www.kulturkurios.de\/index.php?rest_route=\/wp\/v2\/users\/1"}],"replies":[{"embeddable":true,"href":"https:\/\/www.kulturkurios.de\/index.php?rest_route=%2Fwp%2Fv2%2Fcomments&post=1510"}],"version-history":[{"count":1,"href":"https:\/\/www.kulturkurios.de\/index.php?rest_route=\/wp\/v2\/pages\/1510\/revisions"}],"predecessor-version":[{"id":1514,"href":"https:\/\/www.kulturkurios.de\/index.php?rest_route=\/wp\/v2\/pages\/1510\/revisions\/1514"}],"wp:attachment":[{"href":"https:\/\/www.kulturkurios.de\/index.php?rest_route=%2Fwp%2Fv2%2Fmedia&parent=1510"}],"curies":[{"name":"wp","href":"https:\/\/api.w.org\/{rel}","templated":true}]}}