{"id":130,"date":"2016-10-28T17:42:51","date_gmt":"2016-10-28T15:42:51","guid":{"rendered":"http:\/\/www.kulturkurios.de\/?page_id=130"},"modified":"2016-10-28T17:42:51","modified_gmt":"2016-10-28T15:42:51","slug":"kleinbettlinger-adventskalender-2005","status":"publish","type":"page","link":"https:\/\/www.kulturkurios.de\/?page_id=130","title":{"rendered":"Kleinbettlinger Adventskalender 2005"},"content":{"rendered":"<p>Adventskalender 2005<\/p>\n<p>An Heilig Abend gingen wir von einer Spendensumme von ca. 500 EUR aus, aber am Ende z\u00e4hlten wir 826 EUR. Unsere Sch\u00e4tzungen wurden immens \u00fcbertroffen!<\/p>\n<p>Wie vereinbart, ging wurde dieser Betrag je zur H\u00e4lfte<\/p>\n<p>an die &#8222;Clowns im Dienst&#8220; in T\u00fcbingen (Kinderklinik):<\/p>\n<figure id=\"attachment_131\" aria-describedby=\"caption-attachment-131\" style=\"width: 300px\" class=\"wp-caption alignnone\"><img loading=\"lazy\" decoding=\"async\" class=\"size-medium wp-image-131\" src=\"http:\/\/www.kulturkurios.de\/wp-content\/uploads\/2016\/10\/advent2005_spende_brief_clown-300x292.jpg\" alt=\"Brief der Klinik-Clowns\" width=\"300\" height=\"292\" srcset=\"https:\/\/www.kulturkurios.de\/wp-content\/uploads\/2016\/10\/advent2005_spende_brief_clown-300x292.jpg 300w, https:\/\/www.kulturkurios.de\/wp-content\/uploads\/2016\/10\/advent2005_spende_brief_clown.jpg 625w\" sizes=\"auto, (max-width: 300px) 85vw, 300px\" \/><figcaption id=\"caption-attachment-131\" class=\"wp-caption-text\">Brief der Klinik-Clowns<\/figcaption><\/figure>\n<figure id=\"attachment_133\" aria-describedby=\"caption-attachment-133\" style=\"width: 262px\" class=\"wp-caption alignnone\"><img loading=\"lazy\" decoding=\"async\" class=\"size-medium wp-image-133\" src=\"http:\/\/www.kulturkurios.de\/wp-content\/uploads\/2016\/10\/advent2005_spende_bild_clown-262x300.jpg\" alt=\"Klinik-Clowns\" width=\"262\" height=\"300\" srcset=\"https:\/\/www.kulturkurios.de\/wp-content\/uploads\/2016\/10\/advent2005_spende_bild_clown-262x300.jpg 262w, https:\/\/www.kulturkurios.de\/wp-content\/uploads\/2016\/10\/advent2005_spende_bild_clown-768x881.jpg 768w, https:\/\/www.kulturkurios.de\/wp-content\/uploads\/2016\/10\/advent2005_spende_bild_clown-893x1024.jpg 893w, https:\/\/www.kulturkurios.de\/wp-content\/uploads\/2016\/10\/advent2005_spende_bild_clown.jpg 1090w\" sizes=\"auto, (max-width: 262px) 85vw, 262px\" \/><figcaption id=\"caption-attachment-133\" class=\"wp-caption-text\">Klinik-Clowns<\/figcaption><\/figure>\n<p>und an Birgit Zimmermanns Hilfsprojekt in Kenia (Kinderheim):<\/p>\n<p>&nbsp;<\/p>\n<figure id=\"attachment_132\" aria-describedby=\"caption-attachment-132\" style=\"width: 263px\" class=\"wp-caption alignnone\"><img loading=\"lazy\" decoding=\"async\" class=\"size-medium wp-image-132\" src=\"http:\/\/www.kulturkurios.de\/wp-content\/uploads\/2016\/10\/advent2005_spende_brief_kenia-263x300.gif\" alt=\"Brief aus Kenia\" width=\"263\" height=\"300\" srcset=\"https:\/\/www.kulturkurios.de\/wp-content\/uploads\/2016\/10\/advent2005_spende_brief_kenia-263x300.gif 263w, https:\/\/www.kulturkurios.de\/wp-content\/uploads\/2016\/10\/advent2005_spende_brief_kenia-768x875.gif 768w\" sizes=\"auto, (max-width: 263px) 85vw, 263px\" \/><figcaption id=\"caption-attachment-132\" class=\"wp-caption-text\">Brief aus Kenia<\/figcaption><\/figure>\n<p><img loading=\"lazy\" decoding=\"async\" class=\"alignnone size-medium wp-image-134\" src=\"http:\/\/www.kulturkurios.de\/wp-content\/uploads\/2016\/10\/advent2005_spende_bild_kenia-300x247.jpg\" alt=\"advent2005_spende_bild_kenia\" width=\"300\" height=\"247\" srcset=\"https:\/\/www.kulturkurios.de\/wp-content\/uploads\/2016\/10\/advent2005_spende_bild_kenia-300x247.jpg 300w, https:\/\/www.kulturkurios.de\/wp-content\/uploads\/2016\/10\/advent2005_spende_bild_kenia-768x633.jpg 768w, https:\/\/www.kulturkurios.de\/wp-content\/uploads\/2016\/10\/advent2005_spende_bild_kenia-1024x844.jpg 1024w, https:\/\/www.kulturkurios.de\/wp-content\/uploads\/2016\/10\/advent2005_spende_bild_kenia.jpg 1140w\" sizes=\"auto, (max-width: 300px) 85vw, 300px\" \/><\/p>\n<p>&nbsp;<\/p>\n<p>In den Antworten haben wir Freude, Dank und herzliche Gr\u00fc\u00dfe zur\u00fccbbekommen, die wir gerne an alle Spenderinnen und Spender weitergeben.<\/p>\n<p><!--Die Schreiben und Bilder dazu sehen sie finden sie im Anhang unten.\n\n-->&#8212;&#8212;&#8212;&#8212;&#8212;&#8212;&#8212;&#8212;&#8212;&#8212;&#8212;&#8212;&#8212;<\/p>\n<div id='gallery-1' class='gallery galleryid-130 gallery-columns-3 gallery-size-thumbnail'><figure class='gallery-item'>\n\t\t\t<div class='gallery-icon landscape'>\n\t\t\t\t<a href='https:\/\/www.kulturkurios.de\/wp-content\/uploads\/2016\/10\/advent2005_14_img_9381.jpg'><img loading=\"lazy\" decoding=\"async\" width=\"150\" height=\"150\" src=\"https:\/\/www.kulturkurios.de\/wp-content\/uploads\/2016\/10\/advent2005_14_img_9381-150x150.jpg\" class=\"attachment-thumbnail size-thumbnail\" alt=\"\" \/><\/a>\n\t\t\t<\/div><\/figure><figure class='gallery-item'>\n\t\t\t<div class='gallery-icon landscape'>\n\t\t\t\t<a href='https:\/\/www.kulturkurios.de\/wp-content\/uploads\/2016\/10\/advent2005_15_img_9390.jpg'><img loading=\"lazy\" decoding=\"async\" width=\"150\" height=\"150\" src=\"https:\/\/www.kulturkurios.de\/wp-content\/uploads\/2016\/10\/advent2005_15_img_9390-150x150.jpg\" class=\"attachment-thumbnail size-thumbnail\" alt=\"\" \/><\/a>\n\t\t\t<\/div><\/figure><figure class='gallery-item'>\n\t\t\t<div class='gallery-icon portrait'>\n\t\t\t\t<a href='https:\/\/www.kulturkurios.de\/wp-content\/uploads\/2016\/10\/advent2005_15_imp_9384.jpg'><img loading=\"lazy\" decoding=\"async\" width=\"150\" height=\"150\" src=\"https:\/\/www.kulturkurios.de\/wp-content\/uploads\/2016\/10\/advent2005_15_imp_9384-150x150.jpg\" class=\"attachment-thumbnail size-thumbnail\" alt=\"\" \/><\/a>\n\t\t\t<\/div><\/figure><figure class='gallery-item'>\n\t\t\t<div class='gallery-icon portrait'>\n\t\t\t\t<a href='https:\/\/www.kulturkurios.de\/wp-content\/uploads\/2016\/10\/advent2005_17_img_9399.jpg'><img loading=\"lazy\" decoding=\"async\" width=\"150\" height=\"150\" src=\"https:\/\/www.kulturkurios.de\/wp-content\/uploads\/2016\/10\/advent2005_17_img_9399-150x150.jpg\" class=\"attachment-thumbnail size-thumbnail\" alt=\"\" \/><\/a>\n\t\t\t<\/div><\/figure><figure class='gallery-item'>\n\t\t\t<div class='gallery-icon landscape'>\n\t\t\t\t<a href='https:\/\/www.kulturkurios.de\/wp-content\/uploads\/2016\/10\/advent2005_21_im9442.jpg'><img loading=\"lazy\" decoding=\"async\" width=\"150\" height=\"150\" src=\"https:\/\/www.kulturkurios.de\/wp-content\/uploads\/2016\/10\/advent2005_21_im9442-150x150.jpg\" class=\"attachment-thumbnail size-thumbnail\" alt=\"\" \/><\/a>\n\t\t\t<\/div><\/figure><figure class='gallery-item'>\n\t\t\t<div class='gallery-icon landscape'>\n\t\t\t\t<a href='https:\/\/www.kulturkurios.de\/wp-content\/uploads\/2016\/10\/advent2005_24_img_9473.jpg'><img loading=\"lazy\" decoding=\"async\" width=\"150\" height=\"150\" src=\"https:\/\/www.kulturkurios.de\/wp-content\/uploads\/2016\/10\/advent2005_24_img_9473-150x150.jpg\" class=\"attachment-thumbnail size-thumbnail\" alt=\"\" \/><\/a>\n\t\t\t<\/div><\/figure><figure class='gallery-item'>\n\t\t\t<div class='gallery-icon landscape'>\n\t\t\t\t<a href='https:\/\/www.kulturkurios.de\/wp-content\/uploads\/2016\/10\/advent2005_-f_3.jpg'><img loading=\"lazy\" decoding=\"async\" width=\"150\" height=\"150\" src=\"https:\/\/www.kulturkurios.de\/wp-content\/uploads\/2016\/10\/advent2005_-f_3-150x150.jpg\" class=\"attachment-thumbnail size-thumbnail\" alt=\"\" \/><\/a>\n\t\t\t<\/div><\/figure><figure class='gallery-item'>\n\t\t\t<div class='gallery-icon landscape'>\n\t\t\t\t<a href='https:\/\/www.kulturkurios.de\/wp-content\/uploads\/2016\/10\/advent2005_-e4.jpg'><img loading=\"lazy\" decoding=\"async\" width=\"150\" height=\"150\" src=\"https:\/\/www.kulturkurios.de\/wp-content\/uploads\/2016\/10\/advent2005_-e4-150x150.jpg\" class=\"attachment-thumbnail size-thumbnail\" alt=\"\" \/><\/a>\n\t\t\t<\/div><\/figure><figure class='gallery-item'>\n\t\t\t<div class='gallery-icon landscape'>\n\t\t\t\t<a href='https:\/\/www.kulturkurios.de\/wp-content\/uploads\/2016\/10\/advent2005_-e3.jpg'><img loading=\"lazy\" decoding=\"async\" width=\"150\" height=\"150\" src=\"https:\/\/www.kulturkurios.de\/wp-content\/uploads\/2016\/10\/advent2005_-e3-150x150.jpg\" class=\"attachment-thumbnail size-thumbnail\" alt=\"\" \/><\/a>\n\t\t\t<\/div><\/figure><figure class='gallery-item'>\n\t\t\t<div class='gallery-icon landscape'>\n\t\t\t\t<a href='https:\/\/www.kulturkurios.de\/wp-content\/uploads\/2016\/10\/advent2005_-e2.jpg'><img loading=\"lazy\" decoding=\"async\" width=\"150\" height=\"150\" src=\"https:\/\/www.kulturkurios.de\/wp-content\/uploads\/2016\/10\/advent2005_-e2-150x150.jpg\" class=\"attachment-thumbnail size-thumbnail\" alt=\"\" \/><\/a>\n\t\t\t<\/div><\/figure><figure class='gallery-item'>\n\t\t\t<div class='gallery-icon portrait'>\n\t\t\t\t<a href='https:\/\/www.kulturkurios.de\/wp-content\/uploads\/2016\/10\/advent2005_24_img_9511.jpg'><img loading=\"lazy\" decoding=\"async\" width=\"150\" height=\"150\" src=\"https:\/\/www.kulturkurios.de\/wp-content\/uploads\/2016\/10\/advent2005_24_img_9511-150x150.jpg\" class=\"attachment-thumbnail size-thumbnail\" alt=\"\" \/><\/a>\n\t\t\t<\/div><\/figure><figure class='gallery-item'>\n\t\t\t<div class='gallery-icon landscape'>\n\t\t\t\t<a href='https:\/\/www.kulturkurios.de\/wp-content\/uploads\/2016\/10\/advent2005_24_img_9484.jpg'><img loading=\"lazy\" decoding=\"async\" width=\"150\" height=\"150\" src=\"https:\/\/www.kulturkurios.de\/wp-content\/uploads\/2016\/10\/advent2005_24_img_9484-150x150.jpg\" class=\"attachment-thumbnail size-thumbnail\" alt=\"\" \/><\/a>\n\t\t\t<\/div><\/figure><figure class='gallery-item'>\n\t\t\t<div class='gallery-icon portrait'>\n\t\t\t\t<a href='https:\/\/www.kulturkurios.de\/wp-content\/uploads\/2016\/10\/advent2005_24_img_9482.jpg'><img loading=\"lazy\" decoding=\"async\" width=\"150\" height=\"150\" src=\"https:\/\/www.kulturkurios.de\/wp-content\/uploads\/2016\/10\/advent2005_24_img_9482-150x150.jpg\" class=\"attachment-thumbnail size-thumbnail\" alt=\"\" \/><\/a>\n\t\t\t<\/div><\/figure><figure class='gallery-item'>\n\t\t\t<div class='gallery-icon landscape'>\n\t\t\t\t<a href='https:\/\/www.kulturkurios.de\/wp-content\/uploads\/2016\/10\/advent2005_-f_2485.jpg'><img loading=\"lazy\" decoding=\"async\" width=\"150\" height=\"150\" src=\"https:\/\/www.kulturkurios.de\/wp-content\/uploads\/2016\/10\/advent2005_-f_2485-150x150.jpg\" class=\"attachment-thumbnail size-thumbnail\" alt=\"\" \/><\/a>\n\t\t\t<\/div><\/figure><figure class='gallery-item'>\n\t\t\t<div class='gallery-icon landscape'>\n\t\t\t\t<a href='https:\/\/www.kulturkurios.de\/wp-content\/uploads\/2016\/10\/advent2005_-f_2486.jpg'><img loading=\"lazy\" decoding=\"async\" width=\"150\" height=\"150\" src=\"https:\/\/www.kulturkurios.de\/wp-content\/uploads\/2016\/10\/advent2005_-f_2486-150x150.jpg\" class=\"attachment-thumbnail size-thumbnail\" alt=\"\" \/><\/a>\n\t\t\t<\/div><\/figure><figure class='gallery-item'>\n\t\t\t<div class='gallery-icon landscape'>\n\t\t\t\t<a href='https:\/\/www.kulturkurios.de\/wp-content\/uploads\/2016\/10\/advent2005_-im9411.jpg'><img loading=\"lazy\" decoding=\"async\" width=\"150\" height=\"150\" src=\"https:\/\/www.kulturkurios.de\/wp-content\/uploads\/2016\/10\/advent2005_-im9411-150x150.jpg\" class=\"attachment-thumbnail size-thumbnail\" alt=\"\" \/><\/a>\n\t\t\t<\/div><\/figure><figure class='gallery-item'>\n\t\t\t<div class='gallery-icon landscape'>\n\t\t\t\t<a href='https:\/\/www.kulturkurios.de\/wp-content\/uploads\/2016\/10\/advent2005_-im9416.jpg'><img loading=\"lazy\" decoding=\"async\" width=\"150\" height=\"150\" src=\"https:\/\/www.kulturkurios.de\/wp-content\/uploads\/2016\/10\/advent2005_-im9416-150x150.jpg\" class=\"attachment-thumbnail size-thumbnail\" alt=\"\" \/><\/a>\n\t\t\t<\/div><\/figure><figure class='gallery-item'>\n\t\t\t<div class='gallery-icon landscape'>\n\t\t\t\t<a href='https:\/\/www.kulturkurios.de\/wp-content\/uploads\/2016\/10\/advent2005_-mt2.jpg'><img loading=\"lazy\" decoding=\"async\" width=\"150\" height=\"150\" src=\"https:\/\/www.kulturkurios.de\/wp-content\/uploads\/2016\/10\/advent2005_-mt2-150x150.jpg\" class=\"attachment-thumbnail size-thumbnail\" alt=\"\" \/><\/a>\n\t\t\t<\/div><\/figure><figure class='gallery-item'>\n\t\t\t<div class='gallery-icon landscape'>\n\t\t\t\t<a href='https:\/\/www.kulturkurios.de\/wp-content\/uploads\/2016\/10\/advent2005_1_img_9253.jpg'><img loading=\"lazy\" decoding=\"async\" width=\"150\" height=\"150\" src=\"https:\/\/www.kulturkurios.de\/wp-content\/uploads\/2016\/10\/advent2005_1_img_9253-150x150.jpg\" class=\"attachment-thumbnail size-thumbnail\" alt=\"\" \/><\/a>\n\t\t\t<\/div><\/figure><figure class='gallery-item'>\n\t\t\t<div class='gallery-icon portrait'>\n\t\t\t\t<a href='https:\/\/www.kulturkurios.de\/wp-content\/uploads\/2016\/10\/advent2005_3_img_9309.jpg'><img loading=\"lazy\" decoding=\"async\" width=\"150\" height=\"150\" src=\"https:\/\/www.kulturkurios.de\/wp-content\/uploads\/2016\/10\/advent2005_3_img_9309-150x150.jpg\" class=\"attachment-thumbnail size-thumbnail\" alt=\"\" \/><\/a>\n\t\t\t<\/div><\/figure><figure class='gallery-item'>\n\t\t\t<div class='gallery-icon landscape'>\n\t\t\t\t<a href='https:\/\/www.kulturkurios.de\/wp-content\/uploads\/2016\/10\/advent2005_13_img_9371.jpg'><img loading=\"lazy\" decoding=\"async\" width=\"150\" height=\"150\" src=\"https:\/\/www.kulturkurios.de\/wp-content\/uploads\/2016\/10\/advent2005_13_img_9371-150x150.jpg\" class=\"attachment-thumbnail size-thumbnail\" alt=\"\" \/><\/a>\n\t\t\t<\/div><\/figure><figure class='gallery-item'>\n\t\t\t<div class='gallery-icon landscape'>\n\t\t\t\t<a href='https:\/\/www.kulturkurios.de\/wp-content\/uploads\/2016\/10\/advent2005_13_2_img_9379.jpg'><img loading=\"lazy\" decoding=\"async\" width=\"150\" height=\"150\" src=\"https:\/\/www.kulturkurios.de\/wp-content\/uploads\/2016\/10\/advent2005_13_2_img_9379-150x150.jpg\" class=\"attachment-thumbnail size-thumbnail\" alt=\"\" \/><\/a>\n\t\t\t<\/div><\/figure><figure class='gallery-item'>\n\t\t\t<div class='gallery-icon landscape'>\n\t\t\t\t<a href='https:\/\/www.kulturkurios.de\/wp-content\/uploads\/2016\/10\/advent2005_12_kzirkus_dscs00095.jpg'><img loading=\"lazy\" decoding=\"async\" width=\"150\" height=\"150\" src=\"https:\/\/www.kulturkurios.de\/wp-content\/uploads\/2016\/10\/advent2005_12_kzirkus_dscs00095-150x150.jpg\" class=\"attachment-thumbnail size-thumbnail\" alt=\"\" \/><\/a>\n\t\t\t<\/div><\/figure><figure class='gallery-item'>\n\t\t\t<div class='gallery-icon landscape'>\n\t\t\t\t<a href='https:\/\/www.kulturkurios.de\/wp-content\/uploads\/2016\/10\/advent2005_12_kzirkus_-img_8419.jpg'><img loading=\"lazy\" decoding=\"async\" width=\"150\" height=\"150\" src=\"https:\/\/www.kulturkurios.de\/wp-content\/uploads\/2016\/10\/advent2005_12_kzirkus_-img_8419-150x150.jpg\" class=\"attachment-thumbnail size-thumbnail\" alt=\"\" \/><\/a>\n\t\t\t<\/div><\/figure><figure class='gallery-item'>\n\t\t\t<div class='gallery-icon landscape'>\n\t\t\t\t<a href='https:\/\/www.kulturkurios.de\/wp-content\/uploads\/2016\/10\/advent2005_11_img_9342.jpg'><img loading=\"lazy\" decoding=\"async\" width=\"150\" height=\"150\" src=\"https:\/\/www.kulturkurios.de\/wp-content\/uploads\/2016\/10\/advent2005_11_img_9342-150x150.jpg\" class=\"attachment-thumbnail size-thumbnail\" alt=\"\" \/><\/a>\n\t\t\t<\/div><\/figure><figure class='gallery-item'>\n\t\t\t<div class='gallery-icon portrait'>\n\t\t\t\t<a href='https:\/\/www.kulturkurios.de\/wp-content\/uploads\/2016\/10\/advent2005_7_img_9332.jpg'><img loading=\"lazy\" decoding=\"async\" width=\"150\" height=\"150\" src=\"https:\/\/www.kulturkurios.de\/wp-content\/uploads\/2016\/10\/advent2005_7_img_9332-150x150.jpg\" class=\"attachment-thumbnail size-thumbnail\" alt=\"\" \/><\/a>\n\t\t\t<\/div><\/figure><figure class='gallery-item'>\n\t\t\t<div class='gallery-icon landscape'>\n\t\t\t\t<a href='https:\/\/www.kulturkurios.de\/wp-content\/uploads\/2016\/10\/advent2005_6_img_9327.jpg'><img loading=\"lazy\" decoding=\"async\" width=\"150\" height=\"150\" src=\"https:\/\/www.kulturkurios.de\/wp-content\/uploads\/2016\/10\/advent2005_6_img_9327-150x150.jpg\" class=\"attachment-thumbnail size-thumbnail\" alt=\"\" \/><\/a>\n\t\t\t<\/div><\/figure>\n\t\t<\/div>\n\n<p>Die Adventsfenster als Liste:<\/p>\n<table border=\"0\" width=\"300\" cellspacing=\"0\" cellpadding=\"0\">\n<tbody>\n<tr>\n<td class=\"xl26\" height=\"17\">Do.<\/td>\n<td class=\"xl27\">1<\/td>\n<td class=\"xl28\">Gebhardt<\/td>\n<td class=\"xl28\">Seestr. 29<\/td>\n<\/tr>\n<tr>\n<td class=\"xl26\" height=\"17\">Fr.<\/td>\n<td class=\"xl27\">2<\/td>\n<td class=\"xl28\">Holzer, H\u00f6hn<\/td>\n<td class=\"xl28\">Grafenberger Str. 27<\/td>\n<\/tr>\n<tr>\n<td class=\"xl26\" height=\"17\">Sa.<\/td>\n<td class=\"xl27\">3<\/td>\n<td class=\"xl28\">Brandstetter<\/td>\n<td class=\"xl28\">Grafenberger Str. 34<\/td>\n<\/tr>\n<tr>\n<td class=\"xl26\" height=\"17\">So.<\/td>\n<td class=\"xl27\">4<\/td>\n<td class=\"xl28\">Menyhardt<\/td>\n<td class=\"xl28\">Seestr. 12<\/td>\n<\/tr>\n<tr>\n<td class=\"xl26\" height=\"17\">Mo.<\/td>\n<td class=\"xl27\">5<\/td>\n<td class=\"xl28\">Gehrung<\/td>\n<td class=\"xl28\">Hohenneuffenstr. 23<\/td>\n<\/tr>\n<tr>\n<td class=\"xl26\" height=\"17\">Di.<\/td>\n<td class=\"xl27\">6<\/td>\n<td class=\"xl28\">Squire<\/td>\n<td class=\"xl28\">H\u00f6rnlestr. 25<\/td>\n<\/tr>\n<tr>\n<td class=\"xl26\" height=\"17\">Mi.<\/td>\n<td class=\"xl27\">7<\/td>\n<td class=\"xl28\">Kreienbaum<\/td>\n<td class=\"xl28\">Grafenberger Str. 28<\/td>\n<\/tr>\n<tr>\n<td class=\"xl26\" height=\"17\">Do.<\/td>\n<td class=\"xl27\">8<\/td>\n<td class=\"xl28\">Kindergarten<\/td>\n<td class=\"xl28\">Teckstr. 4<\/td>\n<\/tr>\n<tr>\n<td class=\"xl26\" height=\"17\">Fr.<\/td>\n<td class=\"xl27\">9<\/td>\n<td class=\"xl28\">Brandstetter<\/td>\n<td class=\"xl28\">Grafenberger Str.34\/1<\/td>\n<\/tr>\n<tr>\n<td class=\"xl26\" height=\"17\">Sa.<\/td>\n<td class=\"xl27\">10<\/td>\n<td class=\"xl28\">Stockfisch<\/td>\n<td class=\"xl28\">Florianstr. 3<\/td>\n<\/tr>\n<tr>\n<td class=\"xl26\" height=\"17\">So.<\/td>\n<td class=\"xl27\">11<\/td>\n<td class=\"xl28\">Henzler<\/td>\n<td class=\"xl28\">Bergstr. 1<\/td>\n<\/tr>\n<tr>\n<td class=\"xl26\" height=\"17\">Mo.<\/td>\n<td class=\"xl27\">12<\/td>\n<td class=\"xl28\">Kinderzirkus KUKURELLI<\/td>\n<td class=\"xl28\">Kindergarten, Teckstr. 4<\/td>\n<\/tr>\n<tr>\n<td class=\"xl26\" height=\"17\">Di.<\/td>\n<td class=\"xl27\">13<\/td>\n<td class=\"xl28\">Maier<\/td>\n<td class=\"xl28\">Bergstr. 3<\/td>\n<\/tr>\n<tr>\n<td class=\"xl26\" height=\"17\">Mi.<\/td>\n<td class=\"xl27\">14<\/td>\n<td class=\"xl28\">Baumann<\/td>\n<td class=\"xl28\">Jusistr. 12<\/td>\n<\/tr>\n<tr>\n<td class=\"xl26\" height=\"17\">Do.<\/td>\n<td class=\"xl27\">15<\/td>\n<td class=\"xl28\">Di Lieto<\/td>\n<td class=\"xl28\">Hohenneuffenstr. 28<\/td>\n<\/tr>\n<tr>\n<td class=\"xl26\" height=\"17\">Fr.<\/td>\n<td class=\"xl27\">16<\/td>\n<td class=\"xl28\">B\u00e4nkle<\/td>\n<td class=\"xl28\">H\u00f6rnlestr. 24<\/td>\n<\/tr>\n<tr>\n<td class=\"xl26\" height=\"17\">Sa.<\/td>\n<td class=\"xl27\">17<\/td>\n<td class=\"xl28\">Spindler<\/td>\n<td class=\"xl28\">Hohnneuffenstr. 26<\/td>\n<\/tr>\n<tr>\n<td class=\"xl26\" height=\"17\">So.<\/td>\n<td class=\"xl27\">18<\/td>\n<td class=\"xl28\">Keller-Marstaller<\/td>\n<td class=\"xl28\">H\u00f6rnlestr. 10<\/td>\n<\/tr>\n<tr>\n<td class=\"xl26\" height=\"17\">Mo.<\/td>\n<td class=\"xl27\">19<\/td>\n<td class=\"xl28\">Stangl<\/td>\n<td class=\"xl28\">Grafenberger Str. 11<\/td>\n<\/tr>\n<tr>\n<td class=\"xl26\" height=\"17\">Di.<\/td>\n<td class=\"xl27\">20<\/td>\n<td class=\"xl28\">Ziegler<\/td>\n<td class=\"xl28\">Grafenberger Str. 33<\/td>\n<\/tr>\n<tr>\n<td class=\"xl26\" height=\"17\">Mi.<\/td>\n<td class=\"xl27\">21<\/td>\n<td class=\"xl28\">Sonnwend-Feuer<\/td>\n<td class=\"xl28\">Bolzplatz<\/td>\n<\/tr>\n<tr>\n<td class=\"xl26\" height=\"17\">Do.<\/td>\n<td class=\"xl27\">22<\/td>\n<td class=\"xl28\">Rein<\/td>\n<td class=\"xl28\">Grafenberger Str. 6<\/td>\n<\/tr>\n<tr>\n<td class=\"xl26\" height=\"22\">Fr.<\/td>\n<td class=\"xl27\">23<\/td>\n<td class=\"xl28\">Prei\u00df<\/td>\n<td class=\"xl28\">Weiherstr. 5<\/td>\n<\/tr>\n<tr>\n<td class=\"xl26\" height=\"17\">Sa.<\/td>\n<td class=\"xl27\">24<\/td>\n<td class=\"xl29\">Heilig Abend -17.45<\/td>\n<td class=\"xl28\">Spielplatz<\/td>\n<\/tr>\n<\/tbody>\n<\/table>\n","protected":false},"excerpt":{"rendered":"<p>Adventskalender 2005 An Heilig Abend gingen wir von einer Spendensumme von ca. 500 EUR aus, aber am Ende z\u00e4hlten wir 826 EUR. Unsere Sch\u00e4tzungen wurden immens \u00fcbertroffen! Wie vereinbart, ging wurde dieser Betrag je zur H\u00e4lfte an die &#8222;Clowns im Dienst&#8220; in T\u00fcbingen (Kinderklinik): und an Birgit Zimmermanns Hilfsprojekt in Kenia (Kinderheim): &nbsp; &nbsp; In &hellip; <a href=\"https:\/\/www.kulturkurios.de\/?page_id=130\" class=\"more-link\"><span class=\"screen-reader-text\">\u201eKleinbettlinger Adventskalender 2005\u201c <\/span>weiterlesen<\/a><\/p>\n","protected":false},"author":1,"featured_media":0,"parent":0,"menu_order":0,"comment_status":"closed","ping_status":"closed","template":"","meta":{"footnotes":""},"class_list":["post-130","page","type-page","status-publish","hentry"],"_links":{"self":[{"href":"https:\/\/www.kulturkurios.de\/index.php?rest_route=\/wp\/v2\/pages\/130","targetHints":{"allow":["GET"]}}],"collection":[{"href":"https:\/\/www.kulturkurios.de\/index.php?rest_route=\/wp\/v2\/pages"}],"about":[{"href":"https:\/\/www.kulturkurios.de\/index.php?rest_route=\/wp\/v2\/types\/page"}],"author":[{"embeddable":true,"href":"https:\/\/www.kulturkurios.de\/index.php?rest_route=\/wp\/v2\/users\/1"}],"replies":[{"embeddable":true,"href":"https:\/\/www.kulturkurios.de\/index.php?rest_route=%2Fwp%2Fv2%2Fcomments&post=130"}],"version-history":[{"count":1,"href":"https:\/\/www.kulturkurios.de\/index.php?rest_route=\/wp\/v2\/pages\/130\/revisions"}],"predecessor-version":[{"id":162,"href":"https:\/\/www.kulturkurios.de\/index.php?rest_route=\/wp\/v2\/pages\/130\/revisions\/162"}],"wp:attachment":[{"href":"https:\/\/www.kulturkurios.de\/index.php?rest_route=%2Fwp%2Fv2%2Fmedia&parent=130"}],"curies":[{"name":"wp","href":"https:\/\/api.w.org\/{rel}","templated":true}]}}