{"id":1271,"date":"2016-10-30T15:44:50","date_gmt":"2016-10-30T14:44:50","guid":{"rendered":"http:\/\/www.kulturkurios.de\/?page_id=1271"},"modified":"2016-10-30T15:44:50","modified_gmt":"2016-10-30T14:44:50","slug":"rueckblick-2009","status":"publish","type":"page","link":"https:\/\/www.kulturkurios.de\/?page_id=1271","title":{"rendered":"R\u00fcckblick &#8211; 2009"},"content":{"rendered":"<ul>\n<li><a href=\"http:\/\/www.kulturkurios.de\/?page_id=1273\">D E R Kleinbettlinger Adventskalender im achten Jahr<\/a><\/li>\n<\/ul>\n<p>&nbsp;<\/p>\n<ul>\n<li><a href=\"http:\/\/www.kulturkurios.de\/?page_id=1510\">08. 11. &#8211; Martini: 150 Jahre TROST-M\u00fchle mit Kultur Kurios<\/a><\/li>\n<\/ul>\n<p>&nbsp;<\/p>\n<ul>\n<li><a href=\"http:\/\/www.kulturkurios.de\/?page_id=1515\">05. 07. &#8211; 1. L\u00fcmmelpicknick mit Stefan Hiss (Polka-K\u00f6nig)<\/a><\/li>\n<\/ul>\n<p>&nbsp;<\/p>\n<ul>\n<li><a href=\"http:\/\/www.kulturkurios.de\/?page_id=1548\">03. 07. &#8211; halboffenes Vereinsfest: kleiner Sport und gro\u00dfer Sommer<\/a><\/li>\n<\/ul>\n<p>&nbsp;<\/p>\n","protected":false},"excerpt":{"rendered":"<p>D E R Kleinbettlinger Adventskalender im achten Jahr &nbsp; 08. 11. &#8211; Martini: 150 Jahre TROST-M\u00fchle mit Kultur Kurios &nbsp; 05. 07. &#8211; 1. L\u00fcmmelpicknick mit Stefan Hiss (Polka-K\u00f6nig) &nbsp; 03. 07. &#8211; halboffenes Vereinsfest: kleiner Sport und gro\u00dfer Sommer &nbsp;<\/p>\n","protected":false},"author":1,"featured_media":0,"parent":0,"menu_order":0,"comment_status":"closed","ping_status":"closed","template":"","meta":{"footnotes":""},"class_list":["post-1271","page","type-page","status-publish","hentry"],"_links":{"self":[{"href":"https:\/\/www.kulturkurios.de\/index.php?rest_route=\/wp\/v2\/pages\/1271","targetHints":{"allow":["GET"]}}],"collection":[{"href":"https:\/\/www.kulturkurios.de\/index.php?rest_route=\/wp\/v2\/pages"}],"about":[{"href":"https:\/\/www.kulturkurios.de\/index.php?rest_route=\/wp\/v2\/types\/page"}],"author":[{"embeddable":true,"href":"https:\/\/www.kulturkurios.de\/index.php?rest_route=\/wp\/v2\/users\/1"}],"replies":[{"embeddable":true,"href":"https:\/\/www.kulturkurios.de\/index.php?rest_route=%2Fwp%2Fv2%2Fcomments&post=1271"}],"version-history":[{"count":2,"href":"https:\/\/www.kulturkurios.de\/index.php?rest_route=\/wp\/v2\/pages\/1271\/revisions"}],"predecessor-version":[{"id":1554,"href":"https:\/\/www.kulturkurios.de\/index.php?rest_route=\/wp\/v2\/pages\/1271\/revisions\/1554"}],"wp:attachment":[{"href":"https:\/\/www.kulturkurios.de\/index.php?rest_route=%2Fwp%2Fv2%2Fmedia&parent=1271"}],"curies":[{"name":"wp","href":"https:\/\/api.w.org\/{rel}","templated":true}]}}