{"id":12,"date":"2016-10-07T16:03:25","date_gmt":"2016-10-07T14:03:25","guid":{"rendered":"http:\/\/www.kulturkurios.de\/?page_id=12"},"modified":"2019-11-17T12:20:50","modified_gmt":"2019-11-17T11:20:50","slug":"presse","status":"publish","type":"page","link":"https:\/\/www.kulturkurios.de\/?page_id=12","title":{"rendered":"Gondel"},"content":{"rendered":"<h4>Sie wollen &#8230; Gondeln ???<\/h4>\n<p><strong>Bitte sch\u00f6n<\/strong>, wir haben eine f\u00fcr Sie &#8230;<br \/>\n<strong>Sie erfahren <\/strong>N\u00e4heres von&nbsp;unserem Gondelteam &nbsp;E-Mail an<strong> gondel @ kulturkurios.de<\/strong>&nbsp;(<em>Leerzeichen entfernen<\/em>\u2026)<strong>&nbsp;<\/strong>oder \u00fcber den<strong> <a href=\"http:\/\/www.kulturkurios.de\/?page_id=16\"><span style=\"color: #ff0000;\">Vorstand<\/span><\/a><\/strong><\/p>\n<p><a href=\"http:\/\/www.kulturkurios.de\/?page_id=2170\">&#8230; zum Lebenslauf unserer <strong>Gondel<\/strong><\/a><\/p>\n<p>&nbsp;<\/p>\n<figure id=\"attachment_2174\" aria-describedby=\"caption-attachment-2174\" style=\"width: 300px\" class=\"wp-caption alignnone\"><img loading=\"lazy\" decoding=\"async\" class=\"size-medium wp-image-2174\" src=\"http:\/\/www.kulturkurios.de\/wp-content\/uploads\/2016\/11\/DSCN8869-300x225.jpg\" alt=\"\" width=\"300\" height=\"225\" srcset=\"https:\/\/www.kulturkurios.de\/wp-content\/uploads\/2016\/11\/DSCN8869-300x225.jpg 300w, https:\/\/www.kulturkurios.de\/wp-content\/uploads\/2016\/11\/DSCN8869.jpg 640w\" sizes=\"auto, (max-width: 300px) 85vw, 300px\" \/><figcaption id=\"caption-attachment-2174\" class=\"wp-caption-text\">Die Gondel<\/figcaption><\/figure>\n<p><img loading=\"lazy\" decoding=\"async\" class=\"alignnone size-medium wp-image-660\" src=\"http:\/\/www.kulturkurios.de\/wp-content\/uploads\/2016\/10\/2-platz-DSCN7531-300x225.jpg\" alt=\"\" width=\"300\" height=\"225\" srcset=\"https:\/\/www.kulturkurios.de\/wp-content\/uploads\/2016\/10\/2-platz-DSCN7531-300x225.jpg 300w, https:\/\/www.kulturkurios.de\/wp-content\/uploads\/2016\/10\/2-platz-DSCN7531.jpg 640w\" sizes=\"auto, (max-width: 300px) 85vw, 300px\" \/> <img loading=\"lazy\" decoding=\"async\" class=\"alignnone size-medium wp-image-662\" src=\"http:\/\/www.kulturkurios.de\/wp-content\/uploads\/2016\/10\/4-gondel-DSCN7534-300x225.jpg\" alt=\"\" width=\"300\" height=\"225\" srcset=\"https:\/\/www.kulturkurios.de\/wp-content\/uploads\/2016\/10\/4-gondel-DSCN7534-300x225.jpg 300w, https:\/\/www.kulturkurios.de\/wp-content\/uploads\/2016\/10\/4-gondel-DSCN7534.jpg 640w\" sizes=\"auto, (max-width: 300px) 85vw, 300px\" \/><\/p>\n","protected":false},"excerpt":{"rendered":"<p>Sie wollen &#8230; Gondeln ??? Bitte sch\u00f6n, wir haben eine f\u00fcr Sie &#8230; Sie erfahren N\u00e4heres von&nbsp;unserem Gondelteam &nbsp;E-Mail an gondel @ kulturkurios.de&nbsp;(Leerzeichen entfernen\u2026)&nbsp;oder \u00fcber den Vorstand &#8230; zum Lebenslauf unserer Gondel &nbsp;<\/p>\n","protected":false},"author":1,"featured_media":0,"parent":0,"menu_order":0,"comment_status":"closed","ping_status":"closed","template":"","meta":{"footnotes":""},"class_list":["post-12","page","type-page","status-publish","hentry"],"_links":{"self":[{"href":"https:\/\/www.kulturkurios.de\/index.php?rest_route=\/wp\/v2\/pages\/12","targetHints":{"allow":["GET"]}}],"collection":[{"href":"https:\/\/www.kulturkurios.de\/index.php?rest_route=\/wp\/v2\/pages"}],"about":[{"href":"https:\/\/www.kulturkurios.de\/index.php?rest_route=\/wp\/v2\/types\/page"}],"author":[{"embeddable":true,"href":"https:\/\/www.kulturkurios.de\/index.php?rest_route=\/wp\/v2\/users\/1"}],"replies":[{"embeddable":true,"href":"https:\/\/www.kulturkurios.de\/index.php?rest_route=%2Fwp%2Fv2%2Fcomments&post=12"}],"version-history":[{"count":6,"href":"https:\/\/www.kulturkurios.de\/index.php?rest_route=\/wp\/v2\/pages\/12\/revisions"}],"predecessor-version":[{"id":3919,"href":"https:\/\/www.kulturkurios.de\/index.php?rest_route=\/wp\/v2\/pages\/12\/revisions\/3919"}],"wp:attachment":[{"href":"https:\/\/www.kulturkurios.de\/index.php?rest_route=%2Fwp%2Fv2%2Fmedia&parent=12"}],"curies":[{"name":"wp","href":"https:\/\/api.w.org\/{rel}","templated":true}]}}