{"id":10,"date":"2016-10-07T16:02:00","date_gmt":"2016-10-07T14:02:00","guid":{"rendered":"http:\/\/www.kulturkurios.de\/?page_id=10"},"modified":"2026-01-07T16:47:47","modified_gmt":"2026-01-07T15:47:47","slug":"rueckblick","status":"publish","type":"page","link":"https:\/\/www.kulturkurios.de\/?page_id=10","title":{"rendered":"R\u00fcckblick"},"content":{"rendered":"\n<p>Was in vielen Jahren <em>kurioses <\/em>beim Kultur<em>Kurios<\/em>Kleinbettlingen geschah&#8230;<br>Hier zum nachsehen<\/p>\n\n\n\n<h2 class=\"wp-block-heading\">R\u00fcckblick 2025<\/h2>\n\n\n\n<p><a href=\"https:\/\/www.kulturkurios.de\/?page_id=5847\" data-type=\"page\" data-id=\"5847\">3 K\u00f6nigs Boule 2025<\/a><\/p>\n\n\n\n<p><a href=\"https:\/\/www.kulturkurios.de\/?page_id=5741\">Markungsputzete<\/a><\/p>\n\n\n\n<p>Laufen in jedem Alter<\/p>\n\n\n\n<p><a href=\"https:\/\/www.kulturkurios.de\/?page_id=5765\">Ostereier anmalen<\/a><\/p>\n\n\n\n<p><a href=\"https:\/\/www.kulturkurios.de\/?page_id=5769\">Kr\u00e4uterwanderung<\/a><\/p>\n\n\n\n<p><a href=\"https:\/\/www.kulturkurios.de\/?page_id=5857\" data-type=\"page\" data-id=\"5857\">Vatertags-Boule 2025<\/a><\/p>\n\n\n\n<p>JHV 2025<\/p>\n\n\n\n<p><a href=\"https:\/\/www.kulturkurios.de\/?page_id=5811\" data-type=\"page\" data-id=\"5811\">Kinder-Theater 2025<\/a><\/p>\n\n\n\n<p><a href=\"https:\/\/www.kulturkurios.de\/?page_id=5809\" data-type=\"page\" data-id=\"5809\">Kunst &amp; Krempel 2025<\/a><\/p>\n\n\n\n<p>Sommerferienprogramm <\/p>\n\n\n\n<p><a href=\"https:\/\/www.kulturkurios.de\/?page_id=5949\">OpenAirKino 2025<\/a><\/p>\n\n\n\n<p><a href=\"https:\/\/www.kulturkurios.de\/?page_id=5969\" data-type=\"page\" data-id=\"5969\">Vintage &amp; Sound<\/a><\/p>\n\n\n\n<p>Adventskranzbinden 2025<\/p>\n\n\n\n<p><a href=\"https:\/\/www.kulturkurios.de\/?page_id=5962\" data-type=\"page\" data-id=\"5962\">Adventskalender 2025<\/a><\/p>\n\n\n\n<h2 class=\"wp-block-heading\"><a href=\"https:\/\/www.kulturkurios.de\/?page_id=5729\" data-type=\"page\" data-id=\"5729\">R\u00fcckblick 2024<\/a><\/h2>\n\n\n\n<p><a href=\"https:\/\/www.kulturkurios.de\/?page_id=5393\" data-type=\"page\" data-id=\"5393\">Kinder-Theater 2024<\/a> <\/p>\n\n\n\n<p>Sommerferienprogramm 2024 &#8211; <em><strong>Ziegen, Feuer \u2192 Abenteuer<\/strong><\/em><\/p>\n\n\n\n<p><a href=\"https:\/\/www.kulturkurios.de\/?page_id=5413\" data-type=\"page\" data-id=\"5413\">Open-Air-Kino 2024<\/a><\/p>\n\n\n\n<p><a href=\"https:\/\/www.kulturkurios.de\/?page_id=5372\" data-type=\"page\" data-id=\"5372\">JHV 2024<\/a><\/p>\n\n\n\n<p><a href=\"https:\/\/www.kulturkurios.de\/?page_id=5459\" data-type=\"page\" data-id=\"5459\">Adventskalender 2024<\/a><\/p>\n\n\n<h2><a href=\"https:\/\/www.kulturkurios.de\/?page_id=5331\">R\u00fcckblick &#8211; 2023<\/a><\/h2>\n\n\n<p><a href=\"https:\/\/www.kulturkurios.de\/?page_id=5320\" data-type=\"page\" data-id=\"5320\">3 K\u00f6nigs Boule 2023<\/a><\/p>\n\n\n\n<p><a href=\"https:\/\/www.kulturkurios.de\/?page_id=5336\" data-type=\"page\" data-id=\"5336\">Vatertagsboule 2023<\/a><\/p>\n\n\n\n<p><a href=\"https:\/\/www.kulturkurios.de\/?page_id=5360\" data-type=\"page\" data-id=\"5360\">Boulebahn Renovierung 2023<\/a><\/p>\n\n\n\n<p><a href=\"https:\/\/www.kulturkurios.de\/?page_id=4901\" data-type=\"page\" data-id=\"4901\">Kunst &amp; Krempel 2023<\/a><\/p>\n\n\n\n<p><a href=\"https:\/\/www.kulturkurios.de\/?page_id=4921\" data-type=\"page\" data-id=\"4921\">JHV 2023<\/a><\/p>\n\n\n\n<p><a href=\"https:\/\/www.kulturkurios.de\/?page_id=5033\" data-type=\"page\" data-id=\"5033\">Adventskalender 2023<\/a><\/p>\n\n\n<h2><a href=\"https:\/\/www.kulturkurios.de\/?page_id=4591\">R\u00fcckblick &#8211; 2022<\/a><\/h2>\n<h2><a href=\"https:\/\/www.kulturkurios.de\/?page_id=4573\">R\u00fcckblick &#8211; 2021<\/a><\/h2>\n<h2><a href=\"https:\/\/www.kulturkurios.de\/?page_id=4528\">R\u00fcckblick &#8211; 2020<\/a><\/h2>\n<h2><a href=\"http:\/\/www.kulturkurios.de\/?page_id=4092\">R\u00fcckblick &#8211; 2019<\/a><\/h2>\n<h2><a href=\"http:\/\/www.kulturkurios.de\/?page_id=3728\">R\u00fcckblick &#8211; 2018<\/a><\/h2>\n<h2><a href=\"http:\/\/www.kulturkurios.de\/?page_id=3724\">R\u00fcckblick &#8211; 2017<\/a><\/h2>\n<h2><a href=\"http:\/\/www.kulturkurios.de\/?page_id=3576\">R\u00fcckblick &#8211; 2016<\/a><\/h2>\n<h2 class=\"titel\"><a href=\"http:\/\/www.kulturkurios.de\/?page_id=2864\">R\u00fcckblick &#8211; 2015<\/a><\/h2>\n<h2 class=\"titel\"><a href=\"http:\/\/www.kulturkurios.de\/?page_id=2650\">R\u00fcckblick &#8211; 2014<\/a><\/h2>\n<h2 class=\"titel\"><a href=\"http:\/\/www.kulturkurios.de\/?page_id=2391\">R\u00fcckblick &#8211; 2013<\/a><\/h2>\n<h2 class=\"titel\"><a href=\"http:\/\/www.kulturkurios.de\/?page_id=2104\">R\u00fcckblick &#8211; 2012<\/a><\/h2>\n<h2 class=\"titel\"><a href=\"http:\/\/www.kulturkurios.de\/?page_id=1826\">R\u00fcckblick &#8211; 2011<\/a><\/h2>\n<h2 class=\"titel\"><a href=\"http:\/\/www.kulturkurios.de\/?page_id=1557\">R\u00fcckblick &#8211; 2010<\/a><\/h2>\n<h2 class=\"titel\"><a href=\"http:\/\/www.kulturkurios.de\/?page_id=1271\">R\u00fcckblick &#8211; 2009<\/a><\/h2>\n<h2 class=\"titel\"><a href=\"http:\/\/www.kulturkurios.de\/?page_id=878\">R\u00fcckblick &#8211; 2008<\/a><\/h2>\n<h2 class=\"titel\"><a href=\"http:\/\/www.kulturkurios.de\/?page_id=585\">R\u00fcckblick &#8211; 2007<\/a><\/h2>\n<h2 class=\"titel\"><a href=\"http:\/\/www.kulturkurios.de\/?page_id=169\">R\u00fcckblick &#8211; 2006<\/a><\/h2>\n<h2 class=\"titel\"><a href=\"http:\/\/www.kulturkurios.de\/?page_id=109\">R\u00fcckblick &#8211; 2005<\/a><\/h2>\n<h2 class=\"titel\"><a href=\"http:\/\/www.kulturkurios.de\/?page_id=66\">R\u00fcckblick 2003 und 2004<\/a><\/h2>\n<h2 class=\"titel\"><a href=\"http:\/\/www.kulturkurios.de\/?page_id=45\">R\u00fcckblick &#8211; 2002\u00a0<\/a><\/h2>","protected":false},"excerpt":{"rendered":"<p>Was in vielen Jahren kurioses beim KulturKuriosKleinbettlingen geschah&#8230;Hier zum nachsehen R\u00fcckblick 2025 3 K\u00f6nigs Boule 2025 Markungsputzete Laufen in jedem Alter Ostereier anmalen Kr\u00e4uterwanderung Vatertags-Boule 2025 JHV 2025 Kinder-Theater 2025 Kunst &amp; Krempel 2025 Sommerferienprogramm OpenAirKino 2025 Vintage &amp; Sound Adventskranzbinden 2025 Adventskalender 2025 R\u00fcckblick 2024 Kinder-Theater 2024 Sommerferienprogramm 2024 &#8211; Ziegen, Feuer \u2192 Abenteuer &hellip; <a href=\"https:\/\/www.kulturkurios.de\/?page_id=10\" class=\"more-link\"><span class=\"screen-reader-text\">\u201eR\u00fcckblick\u201c <\/span>weiterlesen<\/a><\/p>\n","protected":false},"author":1,"featured_media":0,"parent":0,"menu_order":0,"comment_status":"closed","ping_status":"closed","template":"","meta":{"footnotes":""},"class_list":["post-10","page","type-page","status-publish","hentry"],"_links":{"self":[{"href":"https:\/\/www.kulturkurios.de\/index.php?rest_route=\/wp\/v2\/pages\/10","targetHints":{"allow":["GET"]}}],"collection":[{"href":"https:\/\/www.kulturkurios.de\/index.php?rest_route=\/wp\/v2\/pages"}],"about":[{"href":"https:\/\/www.kulturkurios.de\/index.php?rest_route=\/wp\/v2\/types\/page"}],"author":[{"embeddable":true,"href":"https:\/\/www.kulturkurios.de\/index.php?rest_route=\/wp\/v2\/users\/1"}],"replies":[{"embeddable":true,"href":"https:\/\/www.kulturkurios.de\/index.php?rest_route=%2Fwp%2Fv2%2Fcomments&post=10"}],"version-history":[{"count":47,"href":"https:\/\/www.kulturkurios.de\/index.php?rest_route=\/wp\/v2\/pages\/10\/revisions"}],"predecessor-version":[{"id":6263,"href":"https:\/\/www.kulturkurios.de\/index.php?rest_route=\/wp\/v2\/pages\/10\/revisions\/6263"}],"wp:attachment":[{"href":"https:\/\/www.kulturkurios.de\/index.php?rest_route=%2Fwp%2Fv2%2Fmedia&parent=10"}],"curies":[{"name":"wp","href":"https:\/\/api.w.org\/{rel}","templated":true}]}}